{"id":9128,"date":"2025-02-27T10:28:26","date_gmt":"2025-02-27T09:28:26","guid":{"rendered":"https:\/\/naturalsoft.es\/aviso-legal\/"},"modified":"2026-03-26T17:06:28","modified_gmt":"2026-03-26T16:06:28","slug":"aviso-legal","status":"publish","type":"page","link":"https:\/\/naturalsoft.es\/es-mx\/aviso-legal\/","title":{"rendered":"Aviso Legal"},"content":{"rendered":"\n<ol class=\"wp-block-list\">\n<li><strong>Responsable Legal de la Web<\/strong> <\/li>\n<\/ol>\n\n<ul class=\"wp-block-list\">\n<li>Responsable Legal: NaturalSoft Solutions S.L<\/li>\n\n\n\n<li>Nif\/Cif: B19512672<\/li>\n\n\n\n<li>Direcci\u00f3n: C\/ C\u00f3rdoba n 64, 18193 Monachil, Granada, Espa\u00f1a<\/li>\n\n\n\n<li>Email de Contacto: info@naturalsoft.es<\/li>\n\n\n\n<li>Tlf: (+34) 958 542 015<\/li>\n\n\n\n<li>Detalles de Inscripci\u00f3n: Inscrita en el Registro Mercantil de Granada, Tomo 1480 , Folio 78, Secc 8, Hoja GR 42635, I\/A 1 <\/li>\n<\/ul>\n\n<ol start=\"2\" class=\"wp-block-list\">\n<li><strong>Condiciones de Uso<\/strong> <\/li>\n<\/ol>\n\n<p>Las presentes condiciones legales regulan el uso permitido de esta p\u00e1gina web (en adelante p\u00e1gina web) que NaturalSoft Solutions S.L. en adelante, (NATURALSOFT.ES ) pone a disposici\u00f3n de los usuarios de Internet. Si no est\u00e1 conforme con estas condiciones legales debe abandonar esta p\u00e1gina web.  <\/p>\n\n<p>Para utilizar esta p\u00e1gina web el usuario debe ser mayor de 18 a\u00f1os. <\/p>\n\n<p>El Usuario se obliga a usar la web, los servicios y sus contenidos de forma diligente, correcta y l\u00edcita y en particular, deber\u00e1 abstenerse de: <\/p>\n\n<ul class=\"wp-block-list\">\n<li>Suprimir, eludir o manipular el \u201ccopyright\u201d y dem\u00e1s datos identificativos de los derechos de sus titulares incorporados a los contenidos, as\u00ed como los dispositivos t\u00e9cnicos de protecci\u00f3n, o cualesquiera mecanismos de informaci\u00f3n que pudieren contener los contenidos.<\/li>\n\n\n\n<li>Introducir programas, virus, macros o cualquier otro dispositivo l\u00f3gico o secuencia de caracteres que causen o sean susceptibles de causar cualquier tipo de alteraci\u00f3n en la p\u00e1gina web o los sistemas inform\u00e1ticos que la soportan.<\/li>\n\n\n\n<li>Usar o instalar programas o dispositivos capaces de invalidar los controles o contrase\u00f1as de seguridad, establecidos por NATURALSOFT.ES, estando igualmente prohibido descifrar las claves, sistemas o algoritmos de cifrado o cualquier otro elemento de seguridad de la p\u00e1gina web o cualquiera de sus usuarios.<\/li>\n\n\n\n<li>Realizar copia o captura de pantallas de la p\u00e1gina web, sin autorizaci\u00f3n expresa de NATURALSOFT.ES.<\/li>\n\n\n\n<li>Efectuar copias o versiones de la p\u00e1gina web o su c\u00f3digo fuente, sin el consentimiento expreso de NATURALSOFT.ES<\/li>\n\n\n\n<li>Realizar cualquier tipo de comportamiento contrario a la Ley o la buena fe.<\/li>\n<\/ul>\n\n<ol start=\"3\" class=\"wp-block-list\">\n<li><strong>Exclusi\u00f3n de Responsabilidad<\/strong><\/li>\n<\/ol>\n\n<p><strong> <\/strong>NATURALSOFT.ES no se hace responsable de las p\u00e9rdidas o perjuicios que pueda ocasionar al usuario por virus, indisponibilidad o cualquier otro comportamiento an\u00f3malo de la p\u00e1gina web. NATURALSOFT.ES ha adoptado todas las medidas de seguridad a su alcance y seg\u00fan el estado actual de la t\u00e9cnica, para garantizar el correcto funcionamiento de la web y evitar la generaci\u00f3n de cualquier tipo de da\u00f1o al usuario.  .  <\/p>\n\n<ol start=\"4\" class=\"wp-block-list\">\n<li><strong>Enlaces<\/strong><\/li>\n<\/ol>\n\n<p><strong> <\/strong>NATURALSOFT.ES declina cualquier responsabilidad por los servicios y\/o informaci\u00f3n que se presten en otras p\u00e1ginas enlazadas con esta Web. NATURALSOFT.ES no controla ni ejerce ning\u00fan tipo de supervisi\u00f3n sobre las p\u00e1ginas enlazadas. Los usuarios que utilicen estos enlaces deber\u00e1n consultar las condiciones legales expuestas en las p\u00e1ginas de destino.   <\/p>\n\n<p>NATURALSOFT.ES tampoco ser\u00e1 responsable por los enlaces incluidos en su p\u00e1gina web a p\u00e1ginas de terceros ajenas a NATURALSOFT.ES . Los usuarios que utilicen estos enlaces deber\u00e1n consultar las condiciones legales expuestas en las p\u00e1ginas de destino. <\/p>\n\n<ol start=\"5\" class=\"wp-block-list\">\n<li><strong>Propiedad Intelectual<\/strong><\/li>\n<\/ol>\n\n<p><strong> <\/strong>Los textos, im\u00e1genes, logos, signos distintivos, sonidos, animaciones, v\u00eddeos, c\u00f3digo fuente y resto de contenidos incluidos en esta web son propiedad de NATURALSOFT.ES , o dispone en su caso, del permiso para su uso y\/o explotaci\u00f3n. <\/p>\n\n<p>Los usuarios de esta p\u00e1gina web podr\u00e1n llevar a cabo la reproducci\u00f3n o almacenamiento de los contenidos almacenados en esta p\u00e1gina para su exclusivo uso personal o las finalidades autorizadas en las condiciones legales de esta web. Cualquier otra transmisi\u00f3n, distribuci\u00f3n, reproducci\u00f3n o almacenamiento, total o parcial, de los contenidos almacenados en esta web, queda expresamente prohibida salvo previo y expreso consentimiento de NATURALSOFT.ES .  <\/p>\n\n<ol start=\"6\" class=\"wp-block-list\">\n<li><strong>Legislaci\u00f3n y Jurisdicci\u00f3n<\/strong><\/li>\n<\/ol>\n\n<p><strong> <\/strong>Esta p\u00e1gina web se encuentra sometida a la legislaci\u00f3n Espa\u00f1ola y en caso de litigio o controversia surgida del uso de esta p\u00e1gina web, ambas partes se someten a la jurisdicci\u00f3n de los tribunales del domicilio de NATURALSOFT.ES. Esta cl\u00e1usula de sumisi\u00f3n expresa, no ser\u00e1 aplicable para los supuestos de litigio con los usuarios de la web que seg\u00fan la legislaci\u00f3n vigente ostenten la condici\u00f3n de consumidores, en cuyo caso ambas partes estar\u00e1n sometidos a la jurisdicci\u00f3n de los Juzgados y Tribunales de residencia del consumidor. <\/p>\n\n<ol start=\"7\" class=\"wp-block-list\">\n<li><strong>Versi\u00f3n<\/strong><\/li>\n<\/ol>\n\n<p><strong> <\/strong>Este Aviso Legal es de fecha 18\/02\/2025 y cualquier modificaci\u00f3n de sus t\u00e9rminos ser\u00e1 publicada en la p\u00e1gina web.<\/p>\n","protected":false},"excerpt":{"rendered":"<p>Las presentes condiciones legales regulan el uso permitido de esta p\u00e1gina web (en adelante p\u00e1gina web) que NaturalSoft Solutions S.L. en adelante, (NATURALSOFT.ES ) pone a disposici\u00f3n de los usuarios de Internet. Si no est\u00e1 conforme con estas condiciones legales debe abandonar esta p\u00e1gina web. Para utilizar esta p\u00e1gina web el usuario debe ser mayor [&hellip;]<\/p>\n","protected":false},"author":1,"featured_media":0,"parent":0,"menu_order":0,"comment_status":"closed","ping_status":"closed","template":"page-textos-legales","meta":{"_acf_changed":false,"inline_featured_image":false,"footnotes":""},"class_list":["post-9128","page","type-page","status-publish","hentry"],"acf":[],"yoast_head":"<!-- This site is optimized with the Yoast SEO plugin v24.7 - https:\/\/yoast.com\/wordpress\/plugins\/seo\/ -->\n<title>Aviso Legal - Naturalsoft<\/title>\n<meta name=\"robots\" content=\"index, follow, max-snippet:-1, max-image-preview:large, max-video-preview:-1\" \/>\n<link rel=\"canonical\" href=\"https:\/\/naturalsoft.es\/es-mx\/aviso-legal\/\" \/>\n<meta property=\"og:locale\" content=\"es_MX\" \/>\n<meta property=\"og:type\" content=\"article\" \/>\n<meta property=\"og:title\" content=\"Aviso Legal - Naturalsoft\" \/>\n<meta property=\"og:description\" content=\"Las presentes condiciones legales regulan el uso permitido de esta p\u00e1gina web (en adelante p\u00e1gina web) que NaturalSoft Solutions S.L. en adelante, (NATURALSOFT.ES ) pone a disposici\u00f3n de los usuarios de Internet. Si no est\u00e1 conforme con estas condiciones legales debe abandonar esta p\u00e1gina web. Para utilizar esta p\u00e1gina web el usuario debe ser mayor [&hellip;]\" \/>\n<meta property=\"og:url\" content=\"https:\/\/naturalsoft.es\/es-mx\/aviso-legal\/\" \/>\n<meta property=\"og:site_name\" content=\"Naturalsoft\" \/>\n<meta property=\"article:modified_time\" content=\"2026-03-26T16:06:28+00:00\" \/>\n<meta name=\"twitter:card\" content=\"summary_large_image\" \/>\n<meta name=\"twitter:label1\" content=\"Tiempo de lectura\" \/>\n\t<meta name=\"twitter:data1\" content=\"4 minutos\" \/>\n<script type=\"application\/ld+json\" class=\"yoast-schema-graph\">{\"@context\":\"https:\/\/schema.org\",\"@graph\":[{\"@type\":\"WebPage\",\"@id\":\"https:\/\/naturalsoft.es\/es-mx\/aviso-legal\/\",\"url\":\"https:\/\/naturalsoft.es\/es-mx\/aviso-legal\/\",\"name\":\"Aviso Legal - Naturalsoft\",\"isPartOf\":{\"@id\":\"https:\/\/naturalsoft.es\/#website\"},\"datePublished\":\"2025-02-27T09:28:26+00:00\",\"dateModified\":\"2026-03-26T16:06:28+00:00\",\"breadcrumb\":{\"@id\":\"https:\/\/naturalsoft.es\/es-mx\/aviso-legal\/#breadcrumb\"},\"inLanguage\":\"es\",\"potentialAction\":[{\"@type\":\"ReadAction\",\"target\":[\"https:\/\/naturalsoft.es\/es-mx\/aviso-legal\/\"]}]},{\"@type\":\"BreadcrumbList\",\"@id\":\"https:\/\/naturalsoft.es\/es-mx\/aviso-legal\/#breadcrumb\",\"itemListElement\":[{\"@type\":\"ListItem\",\"position\":1,\"name\":\"Home\",\"item\":\"https:\/\/naturalsoft.es\/es-mx\/home\/\"},{\"@type\":\"ListItem\",\"position\":2,\"name\":\"Aviso Legal\"}]},{\"@type\":\"WebSite\",\"@id\":\"https:\/\/naturalsoft.es\/#website\",\"url\":\"https:\/\/naturalsoft.es\/\",\"name\":\"Naturalsoft\",\"description\":\"Especialistas en software m\u00e9dico y productos Tech Med\",\"potentialAction\":[{\"@type\":\"SearchAction\",\"target\":{\"@type\":\"EntryPoint\",\"urlTemplate\":\"https:\/\/naturalsoft.es\/?s={search_term_string}\"},\"query-input\":{\"@type\":\"PropertyValueSpecification\",\"valueRequired\":true,\"valueName\":\"search_term_string\"}}],\"inLanguage\":\"es\"}]}<\/script>\n<!-- \/ Yoast SEO plugin. -->","yoast_head_json":{"title":"Aviso Legal - Naturalsoft","robots":{"index":"index","follow":"follow","max-snippet":"max-snippet:-1","max-image-preview":"max-image-preview:large","max-video-preview":"max-video-preview:-1"},"canonical":"https:\/\/naturalsoft.es\/es-mx\/aviso-legal\/","og_locale":"es_MX","og_type":"article","og_title":"Aviso Legal - Naturalsoft","og_description":"Las presentes condiciones legales regulan el uso permitido de esta p\u00e1gina web (en adelante p\u00e1gina web) que NaturalSoft Solutions S.L. en adelante, (NATURALSOFT.ES ) pone a disposici\u00f3n de los usuarios de Internet. Si no est\u00e1 conforme con estas condiciones legales debe abandonar esta p\u00e1gina web. Para utilizar esta p\u00e1gina web el usuario debe ser mayor [&hellip;]","og_url":"https:\/\/naturalsoft.es\/es-mx\/aviso-legal\/","og_site_name":"Naturalsoft","article_modified_time":"2026-03-26T16:06:28+00:00","twitter_card":"summary_large_image","twitter_misc":{"Tiempo de lectura":"4 minutos"},"schema":{"@context":"https:\/\/schema.org","@graph":[{"@type":"WebPage","@id":"https:\/\/naturalsoft.es\/es-mx\/aviso-legal\/","url":"https:\/\/naturalsoft.es\/es-mx\/aviso-legal\/","name":"Aviso Legal - Naturalsoft","isPartOf":{"@id":"https:\/\/naturalsoft.es\/#website"},"datePublished":"2025-02-27T09:28:26+00:00","dateModified":"2026-03-26T16:06:28+00:00","breadcrumb":{"@id":"https:\/\/naturalsoft.es\/es-mx\/aviso-legal\/#breadcrumb"},"inLanguage":"es","potentialAction":[{"@type":"ReadAction","target":["https:\/\/naturalsoft.es\/es-mx\/aviso-legal\/"]}]},{"@type":"BreadcrumbList","@id":"https:\/\/naturalsoft.es\/es-mx\/aviso-legal\/#breadcrumb","itemListElement":[{"@type":"ListItem","position":1,"name":"Home","item":"https:\/\/naturalsoft.es\/es-mx\/home\/"},{"@type":"ListItem","position":2,"name":"Aviso Legal"}]},{"@type":"WebSite","@id":"https:\/\/naturalsoft.es\/#website","url":"https:\/\/naturalsoft.es\/","name":"Naturalsoft","description":"Especialistas en software m\u00e9dico y productos Tech Med","potentialAction":[{"@type":"SearchAction","target":{"@type":"EntryPoint","urlTemplate":"https:\/\/naturalsoft.es\/?s={search_term_string}"},"query-input":{"@type":"PropertyValueSpecification","valueRequired":true,"valueName":"search_term_string"}}],"inLanguage":"es"}]}},"_links":{"self":[{"href":"https:\/\/naturalsoft.es\/es-mx\/wp-json\/wp\/v2\/pages\/9128","targetHints":{"allow":["GET"]}}],"collection":[{"href":"https:\/\/naturalsoft.es\/es-mx\/wp-json\/wp\/v2\/pages"}],"about":[{"href":"https:\/\/naturalsoft.es\/es-mx\/wp-json\/wp\/v2\/types\/page"}],"author":[{"embeddable":true,"href":"https:\/\/naturalsoft.es\/es-mx\/wp-json\/wp\/v2\/users\/1"}],"replies":[{"embeddable":true,"href":"https:\/\/naturalsoft.es\/es-mx\/wp-json\/wp\/v2\/comments?post=9128"}],"version-history":[{"count":1,"href":"https:\/\/naturalsoft.es\/es-mx\/wp-json\/wp\/v2\/pages\/9128\/revisions"}],"predecessor-version":[{"id":9129,"href":"https:\/\/naturalsoft.es\/es-mx\/wp-json\/wp\/v2\/pages\/9128\/revisions\/9129"}],"wp:attachment":[{"href":"https:\/\/naturalsoft.es\/es-mx\/wp-json\/wp\/v2\/media?parent=9128"}],"curies":[{"name":"wp","href":"https:\/\/api.w.org\/{rel}","templated":true}]}}