{"id":9174,"date":"2025-02-26T18:54:08","date_gmt":"2025-02-26T18:54:08","guid":{"rendered":"https:\/\/naturalsoft.es\/soluciones\/"},"modified":"2025-02-26T18:54:08","modified_gmt":"2025-02-26T18:54:08","slug":"soluciones","status":"publish","type":"page","link":"https:\/\/naturalsoft.es\/es-mx\/soluciones\/","title":{"rendered":"Soluciones"},"content":{"rendered":"<!-- Section Hero Soluciones Bloque -->\r\n            <section id=\"block-section-hero-soluciones\" class=\"section-hero-soluciones section-hero-soluciones-3400\">\r\n                <div class=\"container reinicio_basico\">\r\n\t            <div class=\"SQ_migas_yoast \">\r\n                <p id=\"breadcrumbs\"><span><span><a href=\"https:\/\/naturalsoft.es\/es-mx\/home\/\"><svg width=\"12\" height=\"12\" viewBox=\"0 0 12 12\" fill=\"none\" xmlns=\"http:\/\/www.w3.org\/2000\/svg\">\r\n\t\t\t<g clip-path=\"url(#clip0_2445_2750)\">\r\n\t\t\t<path d=\"M10.7793 11.8127H1.24201C0.733179 11.8127 0.320801 11.4003 0.320801 10.8914V5.68931C0.320801 5.32787 0.46115 4.98756 0.716922 4.73179L5.05258 0.396132C5.05258 0.396132 5.05746 0.391255 5.06017 0.388545C5.58959 -0.132211 6.44361 -0.129501 6.9687 0.396674L11.3038 4.73179C11.5601 4.9881 11.701 5.32895 11.7005 5.69093V10.892C11.7005 11.4008 11.2881 11.8132 10.7793 11.8132V11.8127ZM2.16323 9.97024H9.85806V5.89089L6.01064 2.04348L2.16323 5.89089V9.97024Z\" fill=\"#335E78\" fill-opacity=\"0.5\"\/>\r\n\t\t\t<\/g>\r\n\t\t\t<defs>\r\n\t\t\t<clipPath id=\"clip0_2445_2750\">\r\n\t\t\t<rect width=\"11.3797\" height=\"11.8126\" fill=\"white\" transform=\"translate(0.320801)\"\/>\r\n\t\t\t<\/clipPath>\r\n\t\t\t<\/defs>\r\n\t\t\t<\/svg>\r\n\t\t Home<\/a><\/span><\/span><\/p>            <\/div>\r\n            \r\n\t<div class=\"NS_HeroSol__title\">\r\n\t\t<h1 class=\"NS_HeroSol__titleH\"><span>Nuestro Software M\u00e9dico<\/span><\/h1>\r\n\t<\/div>\r\n\r\n\t<div class=\"NS_HeroSol__description\">\r\n\t\t<p>Incorpore una soluci\u00f3n SaaS completa y adaptable para satisfacer todas las necesidades cl\u00ednicas y administrativas de su hospital o centro m\u00e9dico especializado.<\/p>\n\t<\/div>\r\n\r\n\t<div class=\"NS_HeroSol__links\">\r\n\t\t\t\t\t\t<a href=\"#VRepro__css\" class=\"NS_HeroSol__link\">\r\n\t\t\t\t\t<span class=\"repro\">\r\n\t\t\t\t\t\tVRepro\t\t\t\t\t<\/span>\r\n\t\t\t\t<\/a>\r\n\t\t\t\t\t\t\t\t<a href=\"#Hospital__css\" class=\"NS_HeroSol__link\">\r\n\t\t\t\t\t<span class=\"hospital\">\r\n\t\t\t\t\t\tNS-Hospital\t\t\t\t\t<\/span>\r\n\t\t\t\t<\/a>\r\n\t\t\t\t\t\t\t\t<a href=\"#Doctor__css\" class=\"NS_HeroSol__link\">\r\n\t\t\t\t\t<span class=\"doctor\">\r\n\t\t\t\t\t\tNS-Doctor\t\t\t\t\t<\/span>\r\n\t\t\t\t<\/a>\r\n\t\t\t\t\t\t\t\t<a href=\"#Dental_css\" class=\"NS_HeroSol__link\">\r\n\t\t\t\t\t<span class=\"dental\">\r\n\t\t\t\t\t\tNS-Dental\t\t\t\t\t<\/span>\r\n\t\t\t\t<\/a>\r\n\t\t\t\t\t<\/div>\r\n<\/div>\r\n            <\/section>\r\n            <!-- FIN Section Hero Soluciones Bloque -->\n\n<!-- Section Archivoitem Bloque -->\r\n            <section id=\"block-section-archivoitem\" class=\"section-archivoitem section-archivoitem-2895\">\r\n                \r\n<div id=\"VRepro__css\" class=\"NS__SA__item VRepro VRepro__css\">\r\n\t<div class=\"container reinicio_basico \">\r\n\r\n\r\n\r\n\t\t<div class=\"itemLeft \">\r\n\t\t\t<picture class=\"VRepro\">\r\n\t\t\t\t<img loading=\"lazy\" decoding=\"async\" width=\"629\" height=\"720\" src=\"https:\/\/naturalsoft.es\/wp-content\/uploads\/2025\/02\/CRepro-imgDestacada.png\" class=\"attachment-full size-full\" alt=\"\" srcset=\"https:\/\/naturalsoft.es\/wp-content\/uploads\/2025\/02\/CRepro-imgDestacada.png 629w, https:\/\/naturalsoft.es\/wp-content\/uploads\/2025\/02\/CRepro-imgDestacada-262x300.png 262w\" sizes=\"auto, (max-width: 629px) 100vw, 629px\" \/>\t\t\t<\/picture>\r\n\t\t<\/div>\r\n\r\n\t\t<div class=\"itemRight\">\r\n\t\t\t<div class=\"IR__title\">\r\n\t\t\t\t<i>\r\n\t\t\t\t\t<img loading=\"lazy\" decoding=\"async\" width=\"77\" height=\"79\" src=\"https:\/\/naturalsoft.es\/wp-content\/uploads\/2025\/02\/VRepro-icono.svg\" class=\"attachment-full size-full\" alt=\"\" \/>\t\t\t\t<\/i>\r\n\t\t\t\t<h2 class=\"IR__titleText\">VRepro<\/h2>\r\n\t\t\t<\/div>\r\n\r\n\t\t\t<div class=\"IR__data\">\r\n\t\t\t\t<div class=\"IR__dataDescription\">\r\n\t\t\t\t\t<p>Nuestro Software para Cl\u00ednicas de Reproducci\u00f3n Asistida, Ginecolog\u00eda y Obstetricia.<\/p>\n\t\t\t\t<\/div>\r\n\t\t\t\t<div class=\"IR__dataList\">\r\n\t\t\t\t\t<ul>\r\n\t\t\t\t\t\t\t\t\t\t\t\t\t<li>\r\n\t\t\t\t\t\t\t\tEspecializaci\u00f3n absoluta\t\t\t\t\t\t\t<\/li>\r\n\t\t\t\t\t\t\t\t\t\t\t\t\t<li>\r\n\t\t\t\t\t\t\t\tTrazabilidad 100% \t\t\t\t\t\t\t<\/li>\r\n\t\t\t\t\t\t\t\t\t\t\t\t\t<li>\r\n\t\t\t\t\t\t\t\tAdaptado a normativa\t\t\t\t\t\t\t<\/li>\r\n\t\t\t\t\t\t\t\t\t\t\t\t\t<li>\r\n\t\t\t\t\t\t\t\tGesti\u00f3n integral \t\t\t\t\t\t\t<\/li>\r\n\t\t\t\t\t\t\t\t\t\t\t<\/ul>\r\n\t\t\t\t<\/div>\r\n\t\t\t<\/div>\r\n\t\t\t<div class=\"IR__dataListIcons SQ_col-3\">\r\n\t\t\t\t\t\t\t\t\t<div class=\"IR__dataListIconsItem\">\r\n\t\t\t\t\t\t<img loading=\"lazy\" decoding=\"async\" width=\"50\" height=\"50\" src=\"https:\/\/naturalsoft.es\/wp-content\/uploads\/2025\/02\/VRepro_app_paciente-1.svg\" class=\"attachment-full size-full\" alt=\"\" \/>\t\t\t\t\t\t<p>APP del Paciente<\/p>\r\n\t\t\t\t\t<\/div>\r\n\t\t\t\t\t\t\t\t\t<div class=\"IR__dataListIconsItem\">\r\n\t\t\t\t\t\t<img loading=\"lazy\" decoding=\"async\" width=\"49\" height=\"50\" src=\"https:\/\/naturalsoft.es\/wp-content\/uploads\/2025\/02\/VRepro_app_profesional-1.svg\" class=\"attachment-full size-full\" alt=\"\" \/>\t\t\t\t\t\t<p>APP del Profesional<\/p>\r\n\t\t\t\t\t<\/div>\r\n\t\t\t\t\t\t\t\t\t<div class=\"IR__dataListIconsItem\">\r\n\t\t\t\t\t\t<img loading=\"lazy\" decoding=\"async\" width=\"50\" height=\"50\" src=\"https:\/\/naturalsoft.es\/wp-content\/uploads\/2025\/02\/VRepro_telemedicina-1.svg\" class=\"attachment-full size-full\" alt=\"\" \/>\t\t\t\t\t\t<p>Telemedicina<\/p>\r\n\t\t\t\t\t<\/div>\r\n\t\t\t\t\t\t\t\t\t<div class=\"IR__dataListIconsItem\">\r\n\t\t\t\t\t\t<img loading=\"lazy\" decoding=\"async\" width=\"50\" height=\"50\" src=\"https:\/\/naturalsoft.es\/wp-content\/uploads\/2025\/02\/VRepro_cuadro_mandos-1.svg\" class=\"attachment-full size-full\" alt=\"\" \/>\t\t\t\t\t\t<p>Cuadro de mandos<\/p>\r\n\t\t\t\t\t<\/div>\r\n\t\t\t\t\t\t\t\t\t<div class=\"IR__dataListIconsItem\">\r\n\t\t\t\t\t\t<img loading=\"lazy\" decoding=\"async\" width=\"49\" height=\"49\" src=\"https:\/\/naturalsoft.es\/wp-content\/uploads\/2025\/02\/VRepro_vr_witness-1.svg\" class=\"attachment-full size-full\" alt=\"\" \/>\t\t\t\t\t\t<p>VR Witness<\/p>\r\n\t\t\t\t\t<\/div>\r\n\t\t\t\t\t\t\t\t\t<div class=\"IR__dataListIconsItem\">\r\n\t\t\t\t\t\t<img loading=\"lazy\" decoding=\"async\" width=\"49\" height=\"49\" src=\"https:\/\/naturalsoft.es\/wp-content\/uploads\/2025\/02\/VRepro_portal_criopreservados-1.svg\" class=\"attachment-full size-full\" alt=\"\" \/>\t\t\t\t\t\t<p>portal de criopreservados<\/p>\r\n\t\t\t\t\t<\/div>\r\n\t\t\t\t\t\t\t<\/div>\r\n\t\t\t<div class=\"IR_separador\">\r\n\r\n\t\t\t<\/div>\r\n\t\t\t<div class=\"IR__dataButton\">\r\n\t\t\t\t<a href=\"https:\/\/naturalsoft.es\/soluciones\/vrepro\/\" class=\"thm-btn bt__bg__oscuro\" target=\"_blank\" title=\"M\u00e1s informaci\u00f3n\">\r\n\t\t\t\t\t<span>M\u00e1s informaci\u00f3n<\/span>\r\n\t\t\t\t<\/a>\r\n\t\t\t<\/div>\r\n\t\t<\/div>\r\n\t<\/div>\r\n<\/div>\r\n            <\/section>\r\n            <!-- FIN Section Archivoitem Bloque -->\n\n<!-- Section Archivoitem Bloque -->\r\n            <section id=\"block-section-archivoitem\" class=\"section-archivoitem section-archivoitem-4797\">\r\n                \r\n<div id=\"Hospital__css\" class=\"NS__SA__item NS-Hospital Hospital__css\">\r\n\t<div class=\"container reinicio_basico colReverse\">\r\n\r\n\r\n\r\n\t\t<div class=\"itemLeft colReverse\">\r\n\t\t\t<picture class=\"NS-Hospital\">\r\n\t\t\t\t<img loading=\"lazy\" decoding=\"async\" width=\"662\" height=\"641\" src=\"https:\/\/naturalsoft.es\/wp-content\/uploads\/2025\/03\/NS-Hospital.png\" class=\"attachment-full size-full\" alt=\"\" srcset=\"https:\/\/naturalsoft.es\/wp-content\/uploads\/2025\/03\/NS-Hospital.png 662w, https:\/\/naturalsoft.es\/wp-content\/uploads\/2025\/03\/NS-Hospital-300x290.png 300w\" sizes=\"auto, (max-width: 662px) 100vw, 662px\" \/>\t\t\t<\/picture>\r\n\t\t<\/div>\r\n\r\n\t\t<div class=\"itemRight\">\r\n\t\t\t<div class=\"IR__title\">\r\n\t\t\t\t<i>\r\n\t\t\t\t\t<img loading=\"lazy\" decoding=\"async\" width=\"101\" height=\"103\" src=\"https:\/\/naturalsoft.es\/wp-content\/uploads\/2025\/02\/Frame-1000004261-1.svg\" class=\"attachment-full size-full\" alt=\"\" \/>\t\t\t\t<\/i>\r\n\t\t\t\t<h2 class=\"IR__titleText\">NS-Hospital<\/h2>\r\n\t\t\t<\/div>\r\n\r\n\t\t\t<div class=\"IR__data\">\r\n\t\t\t\t<div class=\"IR__dataDescription\">\r\n\t\t\t\t\t<p>Nuestra soluci\u00f3n de Software hospitalario m\u00e1s potente del mercado.<\/p>\n\t\t\t\t<\/div>\r\n\t\t\t\t<div class=\"IR__dataList\">\r\n\t\t\t\t\t<ul>\r\n\t\t\t\t\t\t\t\t\t\t\t\t\t<li>\r\n\t\t\t\t\t\t\t\tGesti\u00f3n cl\u00ednica y administrativa unificada\t\t\t\t\t\t\t<\/li>\r\n\t\t\t\t\t\t\t\t\t\t\t\t\t<li>\r\n\t\t\t\t\t\t\t\tEscalable y modular\t\t\t\t\t\t\t<\/li>\r\n\t\t\t\t\t\t\t\t\t\t\t\t\t<li>\r\n\t\t\t\t\t\t\t\tIntegraci\u00f3n con herramientas de IA\t\t\t\t\t\t\t<\/li>\r\n\t\t\t\t\t\t\t\t\t\t\t\t\t<li>\r\n\t\t\t\t\t\t\t\tMejora continua\t\t\t\t\t\t\t<\/li>\r\n\t\t\t\t\t\t\t\t\t\t\t<\/ul>\r\n\t\t\t\t<\/div>\r\n\t\t\t<\/div>\r\n\t\t\t<div class=\"IR__dataListIcons SQ_col-4\">\r\n\t\t\t\t\t\t\t\t\t<div class=\"IR__dataListIconsItem\">\r\n\t\t\t\t\t\t<img loading=\"lazy\" decoding=\"async\" width=\"50\" height=\"50\" src=\"https:\/\/naturalsoft.es\/wp-content\/uploads\/2025\/02\/NS-Hospital_app_paciente-1.svg\" class=\"attachment-full size-full\" alt=\"\" \/>\t\t\t\t\t\t<p>APP del Paciente<\/p>\r\n\t\t\t\t\t<\/div>\r\n\t\t\t\t\t\t\t\t\t<div class=\"IR__dataListIconsItem\">\r\n\t\t\t\t\t\t<img loading=\"lazy\" decoding=\"async\" width=\"50\" height=\"50\" src=\"https:\/\/naturalsoft.es\/wp-content\/uploads\/2025\/02\/NS-Hospital_app_profesional-1.svg\" class=\"attachment-full size-full\" alt=\"\" \/>\t\t\t\t\t\t<p>APP del Profesional<\/p>\r\n\t\t\t\t\t<\/div>\r\n\t\t\t\t\t\t\t\t\t<div class=\"IR__dataListIconsItem\">\r\n\t\t\t\t\t\t<img loading=\"lazy\" decoding=\"async\" width=\"50\" height=\"50\" src=\"https:\/\/naturalsoft.es\/wp-content\/uploads\/2025\/02\/NS-Hospital_Telemedicina-1.svg\" class=\"attachment-full size-full\" alt=\"\" \/>\t\t\t\t\t\t<p>Telemedicina<\/p>\r\n\t\t\t\t\t<\/div>\r\n\t\t\t\t\t\t\t\t\t<div class=\"IR__dataListIconsItem\">\r\n\t\t\t\t\t\t<img loading=\"lazy\" decoding=\"async\" width=\"50\" height=\"50\" src=\"https:\/\/naturalsoft.es\/wp-content\/uploads\/2025\/02\/NS-Hospital_cuadro_mandos-1.svg\" class=\"attachment-full size-full\" alt=\"\" \/>\t\t\t\t\t\t<p>Cuadro de mandos<\/p>\r\n\t\t\t\t\t<\/div>\r\n\t\t\t\t\t\t\t<\/div>\r\n\t\t\t<div class=\"IR_separador\">\r\n\r\n\t\t\t<\/div>\r\n\t\t\t<div class=\"IR__dataButton\">\r\n\t\t\t\t<a href=\"https:\/\/naturalsoft.es\/soluciones\/ns-hospital\/\" class=\"thm-btn bt__bg__oscuro\" target=\"_blank\" title=\"M\u00e1s informaci\u00f3n\">\r\n\t\t\t\t\t<span>M\u00e1s informaci\u00f3n<\/span>\r\n\t\t\t\t<\/a>\r\n\t\t\t<\/div>\r\n\t\t<\/div>\r\n\t<\/div>\r\n<\/div>\r\n            <\/section>\r\n            <!-- FIN Section Archivoitem Bloque -->\n\n<!-- Section Archivoitem Bloque -->\r\n            <section id=\"block-section-archivoitem\" class=\"section-archivoitem section-archivoitem-5783\">\r\n                \r\n<div id=\"Doctor__css\" class=\"NS__SA__item NS_Doctor Doctor__css\">\r\n\t<div class=\"container reinicio_basico \">\r\n\r\n\r\n\r\n\t\t<div class=\"itemLeft \">\r\n\t\t\t<picture class=\"NS_Doctor\">\r\n\t\t\t\t<img loading=\"lazy\" decoding=\"async\" width=\"663\" height=\"666\" src=\"https:\/\/naturalsoft.es\/wp-content\/uploads\/2025\/03\/NS-Doctor-Soluciones.png\" class=\"attachment-full size-full\" alt=\"\" srcset=\"https:\/\/naturalsoft.es\/wp-content\/uploads\/2025\/03\/NS-Doctor-Soluciones.png 663w, https:\/\/naturalsoft.es\/wp-content\/uploads\/2025\/03\/NS-Doctor-Soluciones-300x300.png 300w, https:\/\/naturalsoft.es\/wp-content\/uploads\/2025\/03\/NS-Doctor-Soluciones-150x150.png 150w\" sizes=\"auto, (max-width: 663px) 100vw, 663px\" \/>\t\t\t<\/picture>\r\n\t\t<\/div>\r\n\r\n\t\t<div class=\"itemRight\">\r\n\t\t\t<div class=\"IR__title\">\r\n\t\t\t\t<i>\r\n\t\t\t\t\t<img loading=\"lazy\" decoding=\"async\" width=\"77\" height=\"80\" src=\"https:\/\/naturalsoft.es\/wp-content\/uploads\/2025\/02\/Frame-1000004263-1.svg\" class=\"attachment-full size-full\" alt=\"\" \/>\t\t\t\t<\/i>\r\n\t\t\t\t<h2 class=\"IR__titleText\">NS-Doctor<\/h2>\r\n\t\t\t<\/div>\r\n\r\n\t\t\t<div class=\"IR__data\">\r\n\t\t\t\t<div class=\"IR__dataDescription\">\r\n\t\t\t\t\t<p>Una soluci\u00f3n Software para centros m\u00e9dicos, cl\u00ednicas y profesionales independientes de la medicina.<\/p>\n\t\t\t\t<\/div>\r\n\t\t\t\t<div class=\"IR__dataList\">\r\n\t\t\t\t\t<ul>\r\n\t\t\t\t\t\t\t\t\t\t\t\t\t<li>\r\n\t\t\t\t\t\t\t\tHistoria cl\u00ednica electr\u00f3nica estructurada\t\t\t\t\t\t\t<\/li>\r\n\t\t\t\t\t\t\t\t\t\t\t\t\t<li>\r\n\t\t\t\t\t\t\t\tFacturaci\u00f3n m\u00e9dica y control econ\u00f3mico\t\t\t\t\t\t\t<\/li>\r\n\t\t\t\t\t\t\t\t\t\t\t\t\t<li>\r\n\t\t\t\t\t\t\t\tF\u00e1cil de usar, r\u00e1pido de implementa\t\t\t\t\t\t\t<\/li>\r\n\t\t\t\t\t\t\t\t\t\t\t\t\t<li>\r\n\t\t\t\t\t\t\t\tSoporte 24\/7\t\t\t\t\t\t\t<\/li>\r\n\t\t\t\t\t\t\t\t\t\t\t<\/ul>\r\n\t\t\t\t<\/div>\r\n\t\t\t<\/div>\r\n\t\t\t<div class=\"IR__dataListIcons SQ_col-4\">\r\n\t\t\t\t\t\t\t\t\t<div class=\"IR__dataListIconsItem\">\r\n\t\t\t\t\t\t<img loading=\"lazy\" decoding=\"async\" width=\"50\" height=\"50\" src=\"https:\/\/naturalsoft.es\/wp-content\/uploads\/2025\/02\/NS-Doctor_app_paciente-1.svg\" class=\"attachment-full size-full\" alt=\"\" \/>\t\t\t\t\t\t<p>APP del Paciente<\/p>\r\n\t\t\t\t\t<\/div>\r\n\t\t\t\t\t\t\t\t\t<div class=\"IR__dataListIconsItem\">\r\n\t\t\t\t\t\t<img loading=\"lazy\" decoding=\"async\" width=\"50\" height=\"50\" src=\"https:\/\/naturalsoft.es\/wp-content\/uploads\/2025\/02\/NS-Doctor_app_profesional-1.svg\" class=\"attachment-full size-full\" alt=\"\" \/>\t\t\t\t\t\t<p>APP del Profesional<\/p>\r\n\t\t\t\t\t<\/div>\r\n\t\t\t\t\t\t\t\t\t<div class=\"IR__dataListIconsItem\">\r\n\t\t\t\t\t\t<img loading=\"lazy\" decoding=\"async\" width=\"50\" height=\"50\" src=\"https:\/\/naturalsoft.es\/wp-content\/uploads\/2025\/02\/NS-Doctor_Telemedicina-1.svg\" class=\"attachment-full size-full\" alt=\"\" \/>\t\t\t\t\t\t<p>Telemedicina<\/p>\r\n\t\t\t\t\t<\/div>\r\n\t\t\t\t\t\t\t\t\t<div class=\"IR__dataListIconsItem\">\r\n\t\t\t\t\t\t<img loading=\"lazy\" decoding=\"async\" width=\"50\" height=\"50\" src=\"https:\/\/naturalsoft.es\/wp-content\/uploads\/2025\/02\/NS-Doctor_cuadro_mandos-1.svg\" class=\"attachment-full size-full\" alt=\"\" \/>\t\t\t\t\t\t<p>Cuadro de mandos<\/p>\r\n\t\t\t\t\t<\/div>\r\n\t\t\t\t\t\t\t<\/div>\r\n\t\t\t<div class=\"IR_separador\">\r\n\r\n\t\t\t<\/div>\r\n\t\t\t<div class=\"IR__dataButton\">\r\n\t\t\t\t<a href=\"https:\/\/naturalsoft.es\/soluciones\/ns-doctor\/\" class=\"thm-btn bt__bg__oscuro\" target=\"_blank\" title=\"M\u00e1s informaci\u00f3n\">\r\n\t\t\t\t\t<span>M\u00e1s informaci\u00f3n<\/span>\r\n\t\t\t\t<\/a>\r\n\t\t\t<\/div>\r\n\t\t<\/div>\r\n\t<\/div>\r\n<\/div>\r\n            <\/section>\r\n            <!-- FIN Section Archivoitem Bloque -->\n\n<!-- Section Archivoitem Bloque -->\r\n            <section id=\"block-section-archivoitem\" class=\"section-archivoitem section-archivoitem-7694\">\r\n                \r\n<div id=\"Dental_css\" class=\"NS__SA__item NS_Dental Dental_css\">\r\n\t<div class=\"container reinicio_basico colReverse\">\r\n\r\n\r\n\r\n\t\t<div class=\"itemLeft colReverse\">\r\n\t\t\t<picture class=\"NS_Dental\">\r\n\t\t\t\t<img loading=\"lazy\" decoding=\"async\" width=\"658\" height=\"646\" src=\"https:\/\/naturalsoft.es\/wp-content\/uploads\/2025\/03\/NS_Dental-soluciones.png\" class=\"attachment-full size-full\" alt=\"\" srcset=\"https:\/\/naturalsoft.es\/wp-content\/uploads\/2025\/03\/NS_Dental-soluciones.png 658w, https:\/\/naturalsoft.es\/wp-content\/uploads\/2025\/03\/NS_Dental-soluciones-300x295.png 300w\" sizes=\"auto, (max-width: 658px) 100vw, 658px\" \/>\t\t\t<\/picture>\r\n\t\t<\/div>\r\n\r\n\t\t<div class=\"itemRight\">\r\n\t\t\t<div class=\"IR__title\">\r\n\t\t\t\t<i>\r\n\t\t\t\t\t<img loading=\"lazy\" decoding=\"async\" width=\"77\" height=\"79\" src=\"https:\/\/naturalsoft.es\/wp-content\/uploads\/2025\/02\/Frame-1000004264-2.svg\" class=\"attachment-full size-full\" alt=\"\" \/>\t\t\t\t<\/i>\r\n\t\t\t\t<h2 class=\"IR__titleText\">NS-Dental<\/h2>\r\n\t\t\t<\/div>\r\n\r\n\t\t\t<div class=\"IR__data\">\r\n\t\t\t\t<div class=\"IR__dataDescription\">\r\n\t\t\t\t\t<p>Descubre la soluci\u00f3n Software m\u00e1s completa y avanzada para la gesti\u00f3n de una cl\u00ednica dental.<\/p>\n\t\t\t\t<\/div>\r\n\t\t\t\t<div class=\"IR__dataList\">\r\n\t\t\t\t\t<ul>\r\n\t\t\t\t\t\t\t\t\t\t\t\t\t<li>\r\n\t\t\t\t\t\t\t\tEspecializado en odontolog\u00eda\t\t\t\t\t\t\t<\/li>\r\n\t\t\t\t\t\t\t\t\t\t\t\t\t<li>\r\n\t\t\t\t\t\t\t\tHistoria cl\u00ednica dental visual y estructurad\t\t\t\t\t\t\t<\/li>\r\n\t\t\t\t\t\t\t\t\t\t\t\t\t<li>\r\n\t\t\t\t\t\t\t\tCompatible con radiolog\u00eda e imagen\t\t\t\t\t\t\t<\/li>\r\n\t\t\t\t\t\t\t\t\t\t\t\t\t<li>\r\n\t\t\t\t\t\t\t\tControl de stock y compras\t\t\t\t\t\t\t<\/li>\r\n\t\t\t\t\t\t\t\t\t\t\t<\/ul>\r\n\t\t\t\t<\/div>\r\n\t\t\t<\/div>\r\n\t\t\t<div class=\"IR__dataListIcons SQ_col-4\">\r\n\t\t\t\t\t\t\t\t\t<div class=\"IR__dataListIconsItem\">\r\n\t\t\t\t\t\t<img loading=\"lazy\" decoding=\"async\" width=\"50\" height=\"49\" src=\"https:\/\/naturalsoft.es\/wp-content\/uploads\/2025\/02\/NS-Dental_app_paciente-1.svg\" class=\"attachment-full size-full\" alt=\"\" \/>\t\t\t\t\t\t<p>APP del Paciente<\/p>\r\n\t\t\t\t\t<\/div>\r\n\t\t\t\t\t\t\t\t\t<div class=\"IR__dataListIconsItem\">\r\n\t\t\t\t\t\t<img loading=\"lazy\" decoding=\"async\" width=\"50\" height=\"51\" src=\"https:\/\/naturalsoft.es\/wp-content\/uploads\/2025\/02\/NS-Dental_app_profesional-1.svg\" class=\"attachment-full size-full\" alt=\"\" \/>\t\t\t\t\t\t<p>APP del Profesional<\/p>\r\n\t\t\t\t\t<\/div>\r\n\t\t\t\t\t\t\t\t\t<div class=\"IR__dataListIconsItem\">\r\n\t\t\t\t\t\t<img loading=\"lazy\" decoding=\"async\" width=\"50\" height=\"51\" src=\"https:\/\/naturalsoft.es\/wp-content\/uploads\/2025\/02\/NS-Dental_Telemedicina-1.svg\" class=\"attachment-full size-full\" alt=\"\" \/>\t\t\t\t\t\t<p>Telemedicina<\/p>\r\n\t\t\t\t\t<\/div>\r\n\t\t\t\t\t\t\t\t\t<div class=\"IR__dataListIconsItem\">\r\n\t\t\t\t\t\t<img loading=\"lazy\" decoding=\"async\" width=\"50\" height=\"51\" src=\"https:\/\/naturalsoft.es\/wp-content\/uploads\/2025\/02\/NS-Dental_Cuadro_mandos-1.svg\" class=\"attachment-full size-full\" alt=\"\" \/>\t\t\t\t\t\t<p>Cuadro de mandos<\/p>\r\n\t\t\t\t\t<\/div>\r\n\t\t\t\t\t\t\t<\/div>\r\n\t\t\t<div class=\"IR_separador\">\r\n\r\n\t\t\t<\/div>\r\n\t\t\t<div class=\"IR__dataButton\">\r\n\t\t\t\t<a href=\"https:\/\/naturalsoft.es\/soluciones\/ns-dental\/\" class=\"thm-btn bt__bg__oscuro\" target=\"_blank\" title=\"M\u00e1s informaci\u00f3n\">\r\n\t\t\t\t\t<span>M\u00e1s informaci\u00f3n<\/span>\r\n\t\t\t\t<\/a>\r\n\t\t\t<\/div>\r\n\t\t<\/div>\r\n\t<\/div>\r\n<\/div>\r\n            <\/section>\r\n            <!-- FIN Section Archivoitem Bloque -->\n\n<!-- Section Ultimas Noticias Bloque -->\r\n            <section id=\"block-section-ultimas-noticias\" class=\"section-ultimas-noticias section-ultimas-noticias-6844\">\r\n                    \r\n\r\n<div class=\"container\">\r\n    <div class=\"section-headnotis_NS\">\r\n        <h2>Noticias relevantes<\/h2>\r\n        <p>Conoce las \u00faltimas noticias sobre el \u00e1mbito del software m\u00e9dico en nuestro blog<\/p>\r\n    <\/div>\r\n    <div class=\"swiper mySwiper-Notis\">\r\n        <div class=\"swiper-wrapper\">\r\n\r\n            \r\n        <\/div>        \r\n    <\/div>\r\n    <div class=\"arrows_NS\">\r\n        <div class=\"swiper-button-prev\"><\/div>\r\n        <div class=\"swiper-button-next\"><\/div>\r\n    <\/div>\r\n<\/div>\r\n\r\n<script>\r\n    (function($) {\r\n        $(document).ready(function(){\r\n            var swiper = new Swiper(\".mySwiper-Notis\", {\r\n                slidesPerView: 1.1,\r\n                spaceBetween: 17,\r\n                loop: true,\r\n                navigation: {\r\n                    nextEl: \".swiper-button-next\",\r\n                    prevEl: \".swiper-button-prev\",\r\n                },\r\n                breakpoints: {\r\n                    992: {\r\n                        slidesPerView: 3,\r\n                    },\r\n                    768: {\r\n                        slidesPerView: 2.1, \r\n                    }\r\n                },\r\n                \/* on: {\r\n                    slideChange: function() {\r\n                        $(\".swiper-slide\").css(\"border-right\", \"1px solid #ddd\"); \/\/ Restablece todos los bordes\r\n                        $(\".swiper-slide-visible\").last().css(\"border-right\", \"none\"); \/\/ Quita borde al \u00faltimo visible\r\n                    }\r\n                } *\/\r\n            });\r\n        });\r\n    })(jQuery);\r\n<\/script>\r\n            <\/section>\r\n            <!-- FIN Section Ultimas Noticias Bloque -->","protected":false},"excerpt":{"rendered":"","protected":false},"author":1,"featured_media":0,"parent":0,"menu_order":0,"comment_status":"closed","ping_status":"closed","template":"page-notitle","meta":{"_acf_changed":false,"inline_featured_image":false,"footnotes":""},"class_list":["post-9174","page","type-page","status-publish","hentry"],"acf":[],"yoast_head":"<!-- This site is optimized with the Yoast SEO plugin v24.7 - https:\/\/yoast.com\/wordpress\/plugins\/seo\/ -->\n<title>Soluciones - Naturalsoft<\/title>\n<meta name=\"robots\" content=\"index, follow, max-snippet:-1, max-image-preview:large, max-video-preview:-1\" \/>\n<link rel=\"canonical\" href=\"https:\/\/naturalsoft.es\/es-mx\/soluciones\/\" \/>\n<meta property=\"og:locale\" content=\"es_MX\" \/>\n<meta property=\"og:type\" content=\"article\" \/>\n<meta property=\"og:title\" content=\"Soluciones - Naturalsoft\" \/>\n<meta property=\"og:url\" content=\"https:\/\/naturalsoft.es\/es-mx\/soluciones\/\" \/>\n<meta property=\"og:site_name\" content=\"Naturalsoft\" \/>\n<meta name=\"twitter:card\" content=\"summary_large_image\" \/>\n<script type=\"application\/ld+json\" class=\"yoast-schema-graph\">{\"@context\":\"https:\/\/schema.org\",\"@graph\":[{\"@type\":\"WebPage\",\"@id\":\"https:\/\/naturalsoft.es\/es-mx\/soluciones\/\",\"url\":\"https:\/\/naturalsoft.es\/es-mx\/soluciones\/\",\"name\":\"Soluciones - Naturalsoft\",\"isPartOf\":{\"@id\":\"https:\/\/naturalsoft.es\/#website\"},\"datePublished\":\"2025-02-26T18:54:08+00:00\",\"breadcrumb\":{\"@id\":\"https:\/\/naturalsoft.es\/es-mx\/soluciones\/#breadcrumb\"},\"inLanguage\":\"es\",\"potentialAction\":[{\"@type\":\"ReadAction\",\"target\":[\"https:\/\/naturalsoft.es\/es-mx\/soluciones\/\"]}]},{\"@type\":\"BreadcrumbList\",\"@id\":\"https:\/\/naturalsoft.es\/es-mx\/soluciones\/#breadcrumb\",\"itemListElement\":[{\"@type\":\"ListItem\",\"position\":1,\"name\":\"Home\",\"item\":\"https:\/\/naturalsoft.es\/es-mx\/home\/\"},{\"@type\":\"ListItem\",\"position\":2,\"name\":\"Soluciones\"}]},{\"@type\":\"WebSite\",\"@id\":\"https:\/\/naturalsoft.es\/#website\",\"url\":\"https:\/\/naturalsoft.es\/\",\"name\":\"Naturalsoft\",\"description\":\"Especialistas en software m\u00e9dico y productos Tech Med\",\"potentialAction\":[{\"@type\":\"SearchAction\",\"target\":{\"@type\":\"EntryPoint\",\"urlTemplate\":\"https:\/\/naturalsoft.es\/?s={search_term_string}\"},\"query-input\":{\"@type\":\"PropertyValueSpecification\",\"valueRequired\":true,\"valueName\":\"search_term_string\"}}],\"inLanguage\":\"es\"}]}<\/script>\n<!-- \/ Yoast SEO plugin. -->","yoast_head_json":{"title":"Soluciones - Naturalsoft","robots":{"index":"index","follow":"follow","max-snippet":"max-snippet:-1","max-image-preview":"max-image-preview:large","max-video-preview":"max-video-preview:-1"},"canonical":"https:\/\/naturalsoft.es\/es-mx\/soluciones\/","og_locale":"es_MX","og_type":"article","og_title":"Soluciones - Naturalsoft","og_url":"https:\/\/naturalsoft.es\/es-mx\/soluciones\/","og_site_name":"Naturalsoft","twitter_card":"summary_large_image","schema":{"@context":"https:\/\/schema.org","@graph":[{"@type":"WebPage","@id":"https:\/\/naturalsoft.es\/es-mx\/soluciones\/","url":"https:\/\/naturalsoft.es\/es-mx\/soluciones\/","name":"Soluciones - Naturalsoft","isPartOf":{"@id":"https:\/\/naturalsoft.es\/#website"},"datePublished":"2025-02-26T18:54:08+00:00","breadcrumb":{"@id":"https:\/\/naturalsoft.es\/es-mx\/soluciones\/#breadcrumb"},"inLanguage":"es","potentialAction":[{"@type":"ReadAction","target":["https:\/\/naturalsoft.es\/es-mx\/soluciones\/"]}]},{"@type":"BreadcrumbList","@id":"https:\/\/naturalsoft.es\/es-mx\/soluciones\/#breadcrumb","itemListElement":[{"@type":"ListItem","position":1,"name":"Home","item":"https:\/\/naturalsoft.es\/es-mx\/home\/"},{"@type":"ListItem","position":2,"name":"Soluciones"}]},{"@type":"WebSite","@id":"https:\/\/naturalsoft.es\/#website","url":"https:\/\/naturalsoft.es\/","name":"Naturalsoft","description":"Especialistas en software m\u00e9dico y productos Tech Med","potentialAction":[{"@type":"SearchAction","target":{"@type":"EntryPoint","urlTemplate":"https:\/\/naturalsoft.es\/?s={search_term_string}"},"query-input":{"@type":"PropertyValueSpecification","valueRequired":true,"valueName":"search_term_string"}}],"inLanguage":"es"}]}},"_links":{"self":[{"href":"https:\/\/naturalsoft.es\/es-mx\/wp-json\/wp\/v2\/pages\/9174","targetHints":{"allow":["GET"]}}],"collection":[{"href":"https:\/\/naturalsoft.es\/es-mx\/wp-json\/wp\/v2\/pages"}],"about":[{"href":"https:\/\/naturalsoft.es\/es-mx\/wp-json\/wp\/v2\/types\/page"}],"author":[{"embeddable":true,"href":"https:\/\/naturalsoft.es\/es-mx\/wp-json\/wp\/v2\/users\/1"}],"replies":[{"embeddable":true,"href":"https:\/\/naturalsoft.es\/es-mx\/wp-json\/wp\/v2\/comments?post=9174"}],"version-history":[{"count":0,"href":"https:\/\/naturalsoft.es\/es-mx\/wp-json\/wp\/v2\/pages\/9174\/revisions"}],"wp:attachment":[{"href":"https:\/\/naturalsoft.es\/es-mx\/wp-json\/wp\/v2\/media?parent=9174"}],"curies":[{"name":"wp","href":"https:\/\/api.w.org\/{rel}","templated":true}]}}