{"id":9178,"date":"2025-02-27T11:09:30","date_gmt":"2025-02-27T10:09:30","guid":{"rendered":"https:\/\/naturalsoft.es\/politica-de-cookies\/"},"modified":"2025-02-27T11:09:30","modified_gmt":"2025-02-27T11:09:30","slug":"politica-de-cookies","status":"publish","type":"page","link":"https:\/\/naturalsoft.es\/es-mx\/politica-de-cookies\/","title":{"rendered":"Pol\u00edtica de Cookies"},"content":{"rendered":"<ol class=\"wp-block-list\">\n<li><strong>Cookies<\/strong><\/li>\n<\/ol>\n\n\n<h2 class=\"wp-block-heading\">\u00bfQu\u00e9 son las Cookies?<\/h2>\n\n<p>Este sitio web utiliza cookies y\/o tecnolog\u00edas similares que almacenan y recuperan informaci\u00f3n cuando navegas. En general, estas tecnolog\u00edas pueden servir para finalidades muy diversas, como, por ejemplo, reconocerte como usuario, obtener informaci\u00f3n sobre tus h\u00e1bitos de navegaci\u00f3n, o personalizar la forma en que se muestra el contenido. Los usos concretos que hacemos de estas tecnolog\u00edas se describen a continuaci\u00f3n.<\/p>\n\n<h3 class=\"wp-block-heading\">\u00bfQu\u00e9 tipo de cookies utiliza esta p\u00e1gina web?<\/h3>\n\n<ul class=\"wp-block-list\"><li>Cookies Anal\u00edticas: son aquellas que, tratadas por nosotros o por terceros, nos permiten cuantificar el n\u00famero de usuarios y as\u00ed realizar la medici\u00f3n y an\u00e1lisis estad\u00edstico de la utilizaci\u00f3n que hacen los usuarios del servicio ofertado. Para ello se analiza su navegaci\u00f3n en nuestra p\u00e1gina web con el fin de mejorar la oferta de productos o servicios que le ofrecemos.<\/li>\n\n<li>Cookies de Personalizaci\u00f3n: Son aquellas que permiten recordar informaci\u00f3n para que el usuario acceda al servicio con determinadas caracter\u00edsticas que pueden diferenciar su experiencia de la de otros usuarios, como, por ejemplo, el idioma, el n\u00famero de resultados a mostrar cuando el usuario realiza una b\u00fasqueda, el aspecto o contenido del servicio en funci\u00f3n del tipo de navegador a trav\u00e9s del cual el usuario accede al servicio o de la regi\u00f3n desde la que accede al servicio, etc.<\/li>\n\n<li>Cookies T\u00e9cnicas: Este tipo de cookies permiten al usuario la navegaci\u00f3n a trav\u00e9s de una p\u00e1gina web, plataforma o aplicaci\u00f3n y la utilizaci\u00f3n de las diferentes opciones o servicios que en ella existan como, por ejemplo, controlar el tr\u00e1fico y la comunicaci\u00f3n de datos, identificar la sesi\u00f3n, acceder a partes de acceso restringido, recordar los elementos que integran un pedido, realizar el proceso de compra de un pedido, realizar la solicitud de inscripci\u00f3n o participaci\u00f3n en un evento, utilizar elementos de seguridad durante la navegaci\u00f3n, almacenar contenidos para la difusi\u00f3n de videos o sonido o compartir contenidos a trav\u00e9s de redes sociales.<\/li>\n\n<li>Cookies Propias: Son aquellas que enviamos a tu ordenador o terminal desde nuestra p\u00e1gina web.<\/li>\n\n<li>Cookies de Tercero: Son aquellas que se env\u00edan a tu ordenador o terminal desde un dominio o una pagina web que no es gestionada por nosotros, sino por otra entidad que trata los datos obtenidos a trav\u00e9s de las cookies.<\/li>\n\n<li>Cookies de Sesi\u00f3n: Son un tipo de cookies dise\u00f1adas para recabar y almacenar datos mientras accedes a nuestra web.<\/li>\n\n<li>Cookies Persistentes: Son un tipo de cookies en el que los datos siguen almacenados en el terminal y pueden ser accedidos y tratados durante un periodo determinado de tiempo, y que puede ir de unos minutos a varios a\u00f1os.<\/li><\/ul>\n\n\n<h3 class=\"wp-block-heading\">\u00bfQuien utiliza las Cookies?<\/h3>\n\n<p>Las cookies empleadas en esta p\u00e1gina web, son utilizadas por el responsable legal de esta p\u00e1gina web y por los siguientes servicios o proveedores de servicios:<\/p>\n\n<h3 class=\"wp-block-heading\">\u00bfC\u00f3mo puedo aceptar, rechazar o eliminar las cookies?<\/h3>\n\n<p>Puede permitir o rechazar las cookies al inicio de su navegaci\u00f3n en nuestra web, pulsando los correspondientes botones de aceptar o rechazar las cookies. Si desea revocar o modificar su consentimiento puede hacerlo desde el panel de configuraci\u00f3n de cookies de esta p\u00e1gina web.<\/p>\n\n<p>As\u00ed mismo, puede permitir, bloquear o eliminar las cookies instaladas en su equipo mediante la configuraci\u00f3n de las opciones del navegador instalado en su ordenador. En los siguientes enlaces encontrar\u00e1 informaci\u00f3n adicional sobre las opciones de configuraci\u00f3n de las cookies en los distintos navegadores.<\/p>\n\n<ul class=\"wp-block-list\"><li>Google Chrome: http:\/\/support.google.com\/chrome\/bin\/answer.py?hl=es&amp;answer=95647<\/li>\n\n<li>Firefox: http:\/\/support.mozilla.org\/es\/kb\/habilitar-y-deshabilitar-cookies-que-los-sitios-we<\/li>\n\n<li>Safari: http:\/\/support.apple.com\/kb\/ph5042<\/li><\/ul>\n\n\n<p>Tambi\u00e9n puede modificar su consentimiento en el panel de preferencias o configuraci\u00f3n de cookies de esta p\u00e1gina web.<\/p>\n\n<ol start=\"2\" class=\"wp-block-list\"><li><strong>Transferencias a Terceros Pa\u00edses<\/strong><\/li><\/ol>\n\n\n<p>Puedes informarte de las transferencias a terceros pa\u00edses que en su caso, realizan los terceros identificados en esta pol\u00edtica de cookies, en sus correspondientes pol\u00edticas de privacidad a trav\u00e9s de los enlaces facilitados en el listado de cookies empleadas por esta web. Tambi\u00e9n encontrar\u00e1s informaci\u00f3n adicional&nbsp; sobre este aspecto en nuestra pol\u00edtica de privacidad<\/p>\n\n<ol start=\"3\" class=\"wp-block-list\"><li><strong>Derechos y M\u00e1s informaci\u00f3n<\/strong><\/li><\/ol>\n\n\n<p>Puede consultar c\u00f3mo ejercer sus derechos respecto al tratamiento de sus datos personales derivados del uso de cookies y completar la informaci\u00f3n sobre el tratamiento de sus datos, en la pol\u00edtica de privacidad de nuestra p\u00e1gina web.<\/p>\n\n\n<li><strong>Versi\u00f3n<\/strong><\/li>\n<\/ol>\n\n\n<p><strong>&nbsp;<\/strong>Esta pol\u00edtica de privacidad es de fecha 18\/02\/2025&nbsp; y cualquier modificaci\u00f3n de sus t\u00e9rminos ser\u00e1 publicada en esta p\u00e1gina web.<\/p>","protected":false},"excerpt":{"rendered":"<p>\u00bfQu\u00e9 son las Cookies? Este sitio web utiliza cookies y\/o tecnolog\u00edas similares que almacenan y recuperan informaci\u00f3n cuando navegas. En general, estas tecnolog\u00edas pueden servir para finalidades muy diversas, como, por ejemplo, reconocerte como usuario, obtener informaci\u00f3n sobre tus h\u00e1bitos de navegaci\u00f3n, o personalizar la forma en que se muestra el contenido. Los usos concretos [&hellip;]<\/p>\n","protected":false},"author":1,"featured_media":0,"parent":0,"menu_order":0,"comment_status":"closed","ping_status":"closed","template":"page-textos-legales","meta":{"_acf_changed":false,"inline_featured_image":false,"footnotes":""},"class_list":["post-9178","page","type-page","status-publish","hentry"],"acf":[],"yoast_head":"<!-- This site is optimized with the Yoast SEO plugin v24.7 - https:\/\/yoast.com\/wordpress\/plugins\/seo\/ -->\n<title>Pol\u00edtica de Cookies - Naturalsoft<\/title>\n<meta name=\"robots\" content=\"index, follow, max-snippet:-1, max-image-preview:large, max-video-preview:-1\" \/>\n<link rel=\"canonical\" href=\"https:\/\/naturalsoft.es\/es-mx\/politica-de-cookies\/\" \/>\n<meta property=\"og:locale\" content=\"es_MX\" \/>\n<meta property=\"og:type\" content=\"article\" \/>\n<meta property=\"og:title\" content=\"Pol\u00edtica de Cookies - Naturalsoft\" \/>\n<meta property=\"og:description\" content=\"\u00bfQu\u00e9 son las Cookies? Este sitio web utiliza cookies y\/o tecnolog\u00edas similares que almacenan y recuperan informaci\u00f3n cuando navegas. En general, estas tecnolog\u00edas pueden servir para finalidades muy diversas, como, por ejemplo, reconocerte como usuario, obtener informaci\u00f3n sobre tus h\u00e1bitos de navegaci\u00f3n, o personalizar la forma en que se muestra el contenido. Los usos concretos [&hellip;]\" \/>\n<meta property=\"og:url\" content=\"https:\/\/naturalsoft.es\/es-mx\/politica-de-cookies\/\" \/>\n<meta property=\"og:site_name\" content=\"Naturalsoft\" \/>\n<meta property=\"article:modified_time\" content=\"2025-02-27T11:09:30+00:00\" \/>\n<meta name=\"twitter:card\" content=\"summary_large_image\" \/>\n<meta name=\"twitter:label1\" content=\"Tiempo de lectura\" \/>\n\t<meta name=\"twitter:data1\" content=\"4 minutos\" \/>\n<script type=\"application\/ld+json\" class=\"yoast-schema-graph\">{\"@context\":\"https:\/\/schema.org\",\"@graph\":[{\"@type\":\"WebPage\",\"@id\":\"https:\/\/naturalsoft.es\/es-mx\/politica-de-cookies\/\",\"url\":\"https:\/\/naturalsoft.es\/es-mx\/politica-de-cookies\/\",\"name\":\"Pol\u00edtica de Cookies - Naturalsoft\",\"isPartOf\":{\"@id\":\"https:\/\/naturalsoft.es\/#website\"},\"datePublished\":\"2025-02-27T10:09:30+00:00\",\"dateModified\":\"2025-02-27T11:09:30+00:00\",\"breadcrumb\":{\"@id\":\"https:\/\/naturalsoft.es\/es-mx\/politica-de-cookies\/#breadcrumb\"},\"inLanguage\":\"es\",\"potentialAction\":[{\"@type\":\"ReadAction\",\"target\":[\"https:\/\/naturalsoft.es\/es-mx\/politica-de-cookies\/\"]}]},{\"@type\":\"BreadcrumbList\",\"@id\":\"https:\/\/naturalsoft.es\/es-mx\/politica-de-cookies\/#breadcrumb\",\"itemListElement\":[{\"@type\":\"ListItem\",\"position\":1,\"name\":\"Home\",\"item\":\"https:\/\/naturalsoft.es\/es-mx\/home\/\"},{\"@type\":\"ListItem\",\"position\":2,\"name\":\"Pol\u00edtica de Cookies\"}]},{\"@type\":\"WebSite\",\"@id\":\"https:\/\/naturalsoft.es\/#website\",\"url\":\"https:\/\/naturalsoft.es\/\",\"name\":\"Naturalsoft\",\"description\":\"Especialistas en software m\u00e9dico y productos Tech Med\",\"potentialAction\":[{\"@type\":\"SearchAction\",\"target\":{\"@type\":\"EntryPoint\",\"urlTemplate\":\"https:\/\/naturalsoft.es\/?s={search_term_string}\"},\"query-input\":{\"@type\":\"PropertyValueSpecification\",\"valueRequired\":true,\"valueName\":\"search_term_string\"}}],\"inLanguage\":\"es\"}]}<\/script>\n<!-- \/ Yoast SEO plugin. -->","yoast_head_json":{"title":"Pol\u00edtica de Cookies - Naturalsoft","robots":{"index":"index","follow":"follow","max-snippet":"max-snippet:-1","max-image-preview":"max-image-preview:large","max-video-preview":"max-video-preview:-1"},"canonical":"https:\/\/naturalsoft.es\/es-mx\/politica-de-cookies\/","og_locale":"es_MX","og_type":"article","og_title":"Pol\u00edtica de Cookies - Naturalsoft","og_description":"\u00bfQu\u00e9 son las Cookies? Este sitio web utiliza cookies y\/o tecnolog\u00edas similares que almacenan y recuperan informaci\u00f3n cuando navegas. En general, estas tecnolog\u00edas pueden servir para finalidades muy diversas, como, por ejemplo, reconocerte como usuario, obtener informaci\u00f3n sobre tus h\u00e1bitos de navegaci\u00f3n, o personalizar la forma en que se muestra el contenido. Los usos concretos [&hellip;]","og_url":"https:\/\/naturalsoft.es\/es-mx\/politica-de-cookies\/","og_site_name":"Naturalsoft","article_modified_time":"2025-02-27T11:09:30+00:00","twitter_card":"summary_large_image","twitter_misc":{"Tiempo de lectura":"4 minutos"},"schema":{"@context":"https:\/\/schema.org","@graph":[{"@type":"WebPage","@id":"https:\/\/naturalsoft.es\/es-mx\/politica-de-cookies\/","url":"https:\/\/naturalsoft.es\/es-mx\/politica-de-cookies\/","name":"Pol\u00edtica de Cookies - Naturalsoft","isPartOf":{"@id":"https:\/\/naturalsoft.es\/#website"},"datePublished":"2025-02-27T10:09:30+00:00","dateModified":"2025-02-27T11:09:30+00:00","breadcrumb":{"@id":"https:\/\/naturalsoft.es\/es-mx\/politica-de-cookies\/#breadcrumb"},"inLanguage":"es","potentialAction":[{"@type":"ReadAction","target":["https:\/\/naturalsoft.es\/es-mx\/politica-de-cookies\/"]}]},{"@type":"BreadcrumbList","@id":"https:\/\/naturalsoft.es\/es-mx\/politica-de-cookies\/#breadcrumb","itemListElement":[{"@type":"ListItem","position":1,"name":"Home","item":"https:\/\/naturalsoft.es\/es-mx\/home\/"},{"@type":"ListItem","position":2,"name":"Pol\u00edtica de Cookies"}]},{"@type":"WebSite","@id":"https:\/\/naturalsoft.es\/#website","url":"https:\/\/naturalsoft.es\/","name":"Naturalsoft","description":"Especialistas en software m\u00e9dico y productos Tech Med","potentialAction":[{"@type":"SearchAction","target":{"@type":"EntryPoint","urlTemplate":"https:\/\/naturalsoft.es\/?s={search_term_string}"},"query-input":{"@type":"PropertyValueSpecification","valueRequired":true,"valueName":"search_term_string"}}],"inLanguage":"es"}]}},"_links":{"self":[{"href":"https:\/\/naturalsoft.es\/es-mx\/wp-json\/wp\/v2\/pages\/9178","targetHints":{"allow":["GET"]}}],"collection":[{"href":"https:\/\/naturalsoft.es\/es-mx\/wp-json\/wp\/v2\/pages"}],"about":[{"href":"https:\/\/naturalsoft.es\/es-mx\/wp-json\/wp\/v2\/types\/page"}],"author":[{"embeddable":true,"href":"https:\/\/naturalsoft.es\/es-mx\/wp-json\/wp\/v2\/users\/1"}],"replies":[{"embeddable":true,"href":"https:\/\/naturalsoft.es\/es-mx\/wp-json\/wp\/v2\/comments?post=9178"}],"version-history":[{"count":0,"href":"https:\/\/naturalsoft.es\/es-mx\/wp-json\/wp\/v2\/pages\/9178\/revisions"}],"wp:attachment":[{"href":"https:\/\/naturalsoft.es\/es-mx\/wp-json\/wp\/v2\/media?parent=9178"}],"curies":[{"name":"wp","href":"https:\/\/api.w.org\/{rel}","templated":true}]}}