{"id":2837,"date":"2025-02-20T15:36:08","date_gmt":"2025-02-20T14:36:08","guid":{"rendered":"https:\/\/naturalsoft.es\/contacto\/"},"modified":"2025-03-29T10:40:31","modified_gmt":"2025-03-29T09:40:31","slug":"contacto","status":"publish","type":"page","link":"https:\/\/naturalsoft.es\/fr\/contacto\/","title":{"rendered":"Contact"},"content":{"rendered":"<!-- Section Form Bloque -->\r\n            <section id=\"block-section-form\" class=\"section-form section-form-1208\">\r\n                \r\n<div class=\"container\">\r\n                <div class=\"SQ_migas_yoast \">\r\n                <p id=\"breadcrumbs\"><span><span><a href=\"https:\/\/naturalsoft.es\/fr\/\"><svg width=\"12\" height=\"12\" viewBox=\"0 0 12 12\" fill=\"none\" xmlns=\"http:\/\/www.w3.org\/2000\/svg\">\r\n\t\t\t<g clip-path=\"url(#clip0_2445_2750)\">\r\n\t\t\t<path d=\"M10.7793 11.8127H1.24201C0.733179 11.8127 0.320801 11.4003 0.320801 10.8914V5.68931C0.320801 5.32787 0.46115 4.98756 0.716922 4.73179L5.05258 0.396132C5.05258 0.396132 5.05746 0.391255 5.06017 0.388545C5.58959 -0.132211 6.44361 -0.129501 6.9687 0.396674L11.3038 4.73179C11.5601 4.9881 11.701 5.32895 11.7005 5.69093V10.892C11.7005 11.4008 11.2881 11.8132 10.7793 11.8132V11.8127ZM2.16323 9.97024H9.85806V5.89089L6.01064 2.04348L2.16323 5.89089V9.97024Z\" fill=\"#335E78\" fill-opacity=\"0.5\"\/>\r\n\t\t\t<\/g>\r\n\t\t\t<defs>\r\n\t\t\t<clipPath id=\"clip0_2445_2750\">\r\n\t\t\t<rect width=\"11.3797\" height=\"11.8126\" fill=\"white\" transform=\"translate(0.320801)\"\/>\r\n\t\t\t<\/clipPath>\r\n\t\t\t<\/defs>\r\n\t\t\t<\/svg>\r\n\t\t Home<\/a><\/span><\/span><\/p>            <\/div>\r\n                <div class=\"section-titleF_NS\">\r\n        <h1>\u00bfC\u00f3mo podemos ayudarte?<\/h1>\r\n    <\/div>\r\n    <div class=\"section-contentForm_NS\">\r\n        <div class=\"section-Form_NS\">\r\n            <h3>Sobre ti<\/h3>\r\n            <p>Rellena este formulario y nos pondremos en contacto contigo lo antes posible.<\/p>\r\n            \n<div class=\"wpcf7 no-js\" id=\"wpcf7-f2969-o1\" lang=\"fr-FR\" dir=\"ltr\" data-wpcf7-id=\"2969\">\n<div class=\"screen-reader-response\"><p role=\"status\" aria-live=\"polite\" aria-atomic=\"true\"><\/p> <ul><\/ul><\/div>\n<form action=\"\/fr\/wp-json\/wp\/v2\/pages\/2837#wpcf7-f2969-o1\" method=\"post\" class=\"wpcf7-form init\" aria-label=\"Formulaire de contact\" novalidate=\"novalidate\" data-status=\"init\">\n<fieldset class=\"hidden-fields-container\"><input type=\"hidden\" name=\"_wpcf7\" value=\"2969\" \/><input type=\"hidden\" name=\"_wpcf7_version\" value=\"6.1.1\" \/><input type=\"hidden\" name=\"_wpcf7_locale\" value=\"fr_FR\" \/><input type=\"hidden\" name=\"_wpcf7_unit_tag\" value=\"wpcf7-f2969-o1\" \/><input type=\"hidden\" name=\"_wpcf7_container_post\" value=\"0\" \/><input type=\"hidden\" name=\"_wpcf7_posted_data_hash\" value=\"\" \/><input type=\"hidden\" name=\"_wpcf7_recaptcha_response\" value=\"\" \/>\n<\/fieldset>\n<div class=\"section-formu_NS\">\n\t\t<div class=\"section-nameA_NS mb-3\">\n\t\t\t\t<div class=\"section-name_NS\">\n\t\t\t\t\t\t<p class=\"Etiqueta-Form\">Pr\u00e9nom<\/p>\n\t\t\t\t\t\t<span class=\"wpcf7-form-control-wrap\" data-name=\"text-14\"><input size=\"40\" maxlength=\"400\" class=\"wpcf7-form-control wpcf7-text wpcf7-validates-as-required large-input\" aria-required=\"true\" aria-invalid=\"false\" placeholder=\"\u00c9cris ton pr\u00e9nom\" value=\"\" type=\"text\" name=\"text-14\" \/><\/span>\n\t\t\t\t<\/div>\n\t\t\t\t<div class=\"section-Ape_NS\">\n\t\t\t\t\t\t<p class=\"Etiqueta-Form\">Nom de famille<\/p>\n\t\t\t\t\t\t<span class=\"wpcf7-form-control-wrap\" data-name=\"text-709\"><input size=\"40\" maxlength=\"400\" class=\"wpcf7-form-control wpcf7-text wpcf7-validates-as-required large-input\" aria-required=\"true\" aria-invalid=\"false\" placeholder=\"\u00c9cris ton nom de famille\" value=\"\" type=\"text\" name=\"text-709\" \/><\/span>\n\t\t\t\t<\/div>\n\t\t<\/div>\n\t\t<div class=\"section-contacto_NS mb-3\">\n\t\t\t\t<div class=\"section-email_NS\">\n\t\t\t\t\t\t<p class=\"Etiqueta-Form\">Adresse e-mail<\/p>\n\t\t\t\t\t\t<span class=\"wpcf7-form-control-wrap\" data-name=\"email-788\"><input size=\"40\" maxlength=\"400\" class=\"wpcf7-form-control wpcf7-email wpcf7-validates-as-required wpcf7-text wpcf7-validates-as-email large-input\" aria-required=\"true\" aria-invalid=\"false\" placeholder=\"exemple@email.com\" value=\"\" type=\"email\" name=\"email-788\" \/><\/span>\n\t\t\t\t<\/div>\n\t\t\t\t<div class=\"section-tel_NS\">\n\t\t\t\t\t\t<div class=\"section-tel1_NS\">\n\t\t\t\t\t\t\t\t<p class=\"Etiqueta-Form\">T\u00e9l\u00e9phone<\/p>\n\t\t\t\t\t\t\t\t<span class=\"wpcf7-form-control-wrap\" data-name=\"tel-976\"><input size=\"40\" maxlength=\"400\" class=\"wpcf7-form-control wpcf7-tel wpcf7-validates-as-required wpcf7-text wpcf7-validates-as-tel large-input\" aria-required=\"true\" aria-invalid=\"false\" placeholder=\"+00 000 00 00 00\" value=\"\" type=\"tel\" name=\"tel-976\" \/><\/span>\n\t\t\t\t\t\t<\/div>\n\t\t\t\t<\/div>\n\t\t<\/div>\n\t\t<div class=\"section-intereses_NS mb-3\">\n\t\t\t\t<div class=\"section-interes_NS\">\n\t\t\t\t\t\t<p class=\"Etiqueta-Form\">Qu\u2019est-ce qui vous int\u00e9resse ?<\/p>\n\t\t\t\t\t\t<span class=\"wpcf7-form-control-wrap\" data-name=\"select-505\"><select class=\"wpcf7-form-control wpcf7-select wpcf7-validates-as-required large-input\" aria-required=\"true\" aria-invalid=\"false\" name=\"select-505\"><option value=\"\">S\u00e9lectionnez vos int\u00e9r\u00eats &#8230;<\/option><option value=\"Je souhaite contracter VRepro\">Je souhaite contracter VRepro<\/option><option value=\"Je souhaite contracter NS-Hospital\">Je souhaite contracter NS-Hospital<\/option><option value=\"Je souhaite contracter NS-Doctor\">Je souhaite contracter NS-Doctor<\/option><option value=\"Je souhaite contracter NS-Dental\">Je souhaite contracter NS-Dental<\/option><option value=\"Demander une d\u00e9mo\">Demander une d\u00e9mo<\/option><option value=\"Planifier un rendez-vous avec notre \u00e9quipe\">Planifier un rendez-vous avec notre \u00e9quipe<\/option><\/select><\/span>\n\t\t\t\t<\/div>\n\t\t\t\t<div class=\"section-pais_NS\">\n\t\t\t\t\t\t<p class=\"Etiqueta-Form\">Pays<\/p>\n\t\t\t\t\t\t<span class=\"wpcf7-form-control-wrap\" data-name=\"text-549\"><input size=\"40\" maxlength=\"400\" class=\"wpcf7-form-control wpcf7-text large-input\" aria-invalid=\"false\" placeholder=\"Espagne\" value=\"\" type=\"text\" name=\"text-549\" \/><\/span>\n\t\t\t\t<\/div>\n\t\t<\/div>\n\t\t<div class=\"section-business_NS mb-3\">\n\t\t\t\t<div class=\"section-empresa_NS\">\n\t\t\t\t\t\t<p class=\"Etiqueta-Form\">Entreprise<\/p>\n\t\t\t\t\t\t<span class=\"wpcf7-form-control-wrap\" data-name=\"text-741\"><input size=\"40\" maxlength=\"400\" class=\"wpcf7-form-control wpcf7-text large-input\" aria-invalid=\"false\" placeholder=\"Quelle est votre entreprise ?\" value=\"\" type=\"text\" name=\"text-741\" \/><\/span>\n\t\t\t\t<\/div>\n\t\t\t\t<div class=\"section-cargo_NS\">\n\t\t\t\t\t\t<p class=\"Etiqueta-Form\">Poste<\/p>\n\t\t\t\t\t\t<span class=\"wpcf7-form-control-wrap\" data-name=\"text-51\"><input size=\"40\" maxlength=\"400\" class=\"wpcf7-form-control wpcf7-text large-input\" aria-invalid=\"false\" placeholder=\"Quel est votre poste dans l\u2019entreprise ?\" value=\"\" type=\"text\" name=\"text-51\" \/><\/span>\n\t\t\t\t<\/div>\n\t\t<\/div>\n\t\t<div class=\"section-Asunto_NS\">\n\t\t\t\t<p class=\"Etiqueta-Form\">Objet<\/p>\n\t\t\t\t<span class=\"wpcf7-form-control-wrap\" data-name=\"textarea-637\"><textarea cols=\"40\" rows=\"4\" maxlength=\"2000\" class=\"wpcf7-form-control wpcf7-textarea large-input\" aria-invalid=\"false\" placeholder=\"Vous pouvez poser votre question ici ...\" name=\"textarea-637\"><\/textarea><\/span>\n\t\t<\/div>\n\t\t<div class=\"section-rgpd_NS\">\n\t\t\t\t<div class=\"section-rgpd1_NS\">\n\t\t\t\t\t\t<span class=\"wpcf7-form-control-wrap\" data-name=\"acceptance-715\"><span class=\"wpcf7-form-control wpcf7-acceptance optional\"><span class=\"wpcf7-list-item\"><label><input type=\"checkbox\" name=\"acceptance-715\" value=\"1\" class=\"rgpd1\" aria-invalid=\"false\" \/><span class=\"wpcf7-list-item-label\">Je souhaite \u00eatre contact\u00e9(e)<\/span><\/label><\/span><\/span><\/span>\n\t\t\t\t<\/div>\n\t\t\t\t<div class=\"section-rgpd2_NS\">\n\t\t\t\t\t\t<span class=\"wpcf7-form-control-wrap\" data-name=\"acceptance-368\"><span class=\"wpcf7-form-control wpcf7-acceptance\"><span class=\"wpcf7-list-item\"><label><input type=\"checkbox\" name=\"acceptance-368\" value=\"1\" aria-invalid=\"false\" \/><span class=\"wpcf7-list-item-label\">J\u2019ai lu et j\u2019accepte la <a href=\"https:\/\/naturalsoft.es\/politica-de-privacidad\/\">politique de confidentialit\u00e9<\/a> et la <a href=\"https:\/\/naturalsoft.es\/politica-de-cookies\/\">politique des cookies<\/a><\/span><\/label><\/span><\/span><\/span>\n\t\t\t\t<\/div>\n\t\t\t\t<div class=\"section-button_NS\">\n\t\t\t\t\t\t<input class=\"wpcf7-form-control wpcf7-submit has-spinner thm-btn bt__bg__oscuro\" type=\"submit\" value=\"Envoyer\" \/>\n\t\t\t\t<\/div>\n\t\t<\/div>\n<\/div><div class=\"wpcf7-response-output\" aria-hidden=\"true\"><\/div>\n<\/form>\n<\/div>\n        <\/div>\r\n        <div class=\"section-DatosCont_NS\">\r\n            <h3>Datos de contacto<\/h3>\r\n\r\n            <ul class=\"section-listDatos_NS\">\r\n                <li>\r\n                    <svg width=\"18\" height=\"23\" viewBox=\"0 0 18 23\" fill=\"none\" xmlns=\"http:\/\/www.w3.org\/2000\/svg\">\r\n                        <path d=\"M8.9998 12.1998C10.7671 12.1998 12.1998 10.7671 12.1998 8.9998C12.1998 7.23249 10.7671 5.7998 8.9998 5.7998C7.23249 5.7998 5.7998 7.23249 5.7998 8.9998C5.7998 10.7671 7.23249 12.1998 8.9998 12.1998Z\" stroke=\"#D3D3D3\" stroke-width=\"1.6\" stroke-linecap=\"round\" stroke-linejoin=\"round\"\/>\r\n                        <path d=\"M17 9C17 16.2 9 21.8 9 21.8C9 21.8 1 16.2 1 9C1 6.87827 1.84285 4.84344 3.34315 3.34315C4.84344 1.84285 6.87827 1 9 1C11.1217 1 13.1566 1.84285 14.6569 3.34315C16.1571 4.84344 17 6.87827 17 9Z\" stroke=\"#D3D3D3\" stroke-width=\"1.6\" stroke-linecap=\"round\" stroke-linejoin=\"round\"\/>\r\n                    <\/svg>\r\n                    <span>Urb Los llanos, C\/C\u00f3rdoba 64, 18193<\/span>\r\n                <\/li>\r\n                <li>\r\n                    <svg xmlns=\"http:\/\/www.w3.org\/2000\/svg\" width=\"20\" height=\"20\" viewBox=\"0 0 20 20\" fill=\"none\">\r\n                        <path d=\"M12.7402 1.98218C14.0565 2.3288 15.2572 3.01859 16.2197 3.98108C17.1822 4.94357 17.872 6.14427 18.2186 7.46056\" stroke=\"#D3D3D3\" stroke-width=\"1.56525\" stroke-linecap=\"round\" stroke-linejoin=\"round\"\/>\r\n                        <path d=\"M11.957 5.11255C13.5732 5.54495 14.6551 6.62693 15.0875 8.24305\" stroke=\"#D3D3D3\" stroke-width=\"1.56525\" stroke-linecap=\"round\" stroke-linejoin=\"round\"\/>\r\n                        <path d=\"M13.1689 12.2874C13.2772 12.2153 13.4019 12.1713 13.5316 12.1596C13.6612 12.1478 13.7918 12.1685 13.9114 12.2199L18.525 14.287C18.6804 14.3535 18.8102 14.4685 18.8949 14.6149C18.9795 14.7612 19.0145 14.9311 18.9945 15.099C18.8425 16.2348 18.2832 17.2768 17.4205 18.0311C16.5579 18.7855 15.4506 19.2008 14.3046 19.1999C10.776 19.1999 7.39195 17.7982 4.89684 15.3031C2.40174 12.808 1 9.42392 1 5.8953C0.999125 4.74935 1.41448 3.64207 2.16882 2.77941C2.92315 1.91674 3.96513 1.3574 5.10096 1.20542C5.26887 1.18547 5.43872 1.22044 5.58509 1.30509C5.73146 1.38974 5.84648 1.51951 5.91294 1.67499L7.98005 6.29249C8.03084 6.41108 8.05152 6.5404 8.04025 6.66892C8.02899 6.79744 7.98613 6.92118 7.91548 7.02913L5.82489 9.51495C5.75073 9.62685 5.70688 9.75608 5.69762 9.89C5.68836 10.0239 5.71401 10.1579 5.77206 10.279C6.5811 11.9352 8.2931 13.6267 9.95422 14.4279C10.0759 14.4857 10.2105 14.5108 10.3449 14.5006C10.4792 14.4905 10.6086 14.4455 10.7202 14.3702L13.1689 12.2874Z\" stroke=\"#D3D3D3\" stroke-width=\"1.56525\" stroke-linecap=\"round\" stroke-linejoin=\"round\"\/>\r\n                    <\/svg>\r\n                    <a href=\"tel:(+34) 958 542015\">\r\n                        <span>(+34) 958 542015<\/span>\r\n                    <\/a>\r\n                <\/li>\r\n                <li>\r\n                    <svg xmlns=\"http:\/\/www.w3.org\/2000\/svg\" width=\"20\" height=\"16\" viewBox=\"0 0 20 16\" fill=\"none\">\r\n                        <path d=\"M1 1.25H19V14C19 14.1989 18.921 14.3897 18.7803 14.5303C18.6397 14.671 18.4489 14.75 18.25 14.75H1.75C1.55109 14.75 1.36032 14.671 1.21967 14.5303C1.07902 14.3897 1 14.1989 1 14V1.25Z\" stroke=\"#D3D3D3\" stroke-width=\"1.5\" stroke-linecap=\"round\" stroke-linejoin=\"round\"\/>\r\n                        <path d=\"M19 1.25L10 9.5L1 1.25\" stroke=\"#D3D3D3\" stroke-width=\"1.5\" stroke-linecap=\"round\" stroke-linejoin=\"round\"\/>\r\n                    <\/svg>\r\n                    <a href=\"mailto:contacto@naturalsoft.com\">\r\n                        <span>contacto@naturalsoft.com<\/span>\r\n                    <\/a>\r\n                <\/li>\r\n            <\/ul>\r\n        <\/div>\r\n    <\/div>\r\n<\/div>\r\n\r\n<div class=\"section-shape_NS\">\r\n    <img loading=\"lazy\" decoding=\"async\" width=\"667\" height=\"1038\" src=\"https:\/\/naturalsoft.es\/wp-content\/uploads\/2025\/02\/Frame-1000004324.svg\" class=\"attachment-full size-full\" alt=\"\" \/><\/div>\r\n            <\/section>\r\n            <!-- FIN Section Form Bloque --><!-- Section Certificados Bloque -->\r\n            <section id=\"block-section-certificados\" class=\"section-certificados section-certificados-4884\">\r\n                <div class=\"Cap-Superior Fondo-Blanco\">\r\n    <div class=\"container\">\r\n        <div class=\"section-datosHead_NS Letras-Oscuras\">\r\n            <h2>Nuestros certificados<\/h2>\r\n            <p>Nuestra empresa est\u00e1 avalada por los certificados de calidad y seguridad<\/p>\r\n        <\/div>\r\n\r\n        <div class=\"section-logocerti_NS\">\r\n            \r\n                            <div class=\"section-logo_NS\">\r\n                                <a href=\"https:\/\/naturalsoft.es\/wp-content\/uploads\/2025\/03\/natursof.pdf\" target=\"_blank\">\r\n                                    <img loading=\"lazy\" decoding=\"async\" width=\"171\" height=\"172\" src=\"https:\/\/naturalsoft.es\/wp-content\/uploads\/2025\/02\/Captura-de-pantalla-2024-12-03-a-las-14.31.48-2.svg\" class=\"attachment-full size-full\" alt=\"\" \/>                                <\/a>\r\n                            <\/div>\r\n                        \r\n                            <div class=\"section-logo_NS\">\r\n                                <a href=\"https:\/\/naturalsoft.es\/wp-content\/uploads\/2025\/03\/natursof.pdf\" target=\"_blank\">\r\n                                    <img loading=\"lazy\" decoding=\"async\" width=\"172\" height=\"172\" src=\"https:\/\/naturalsoft.es\/wp-content\/uploads\/2025\/02\/59BAFC0951C62183-2.svg\" class=\"attachment-full size-full\" alt=\"\" \/>                                <\/a>\r\n                            <\/div>\r\n                        \r\n                            <div class=\"section-logo_NS\">\r\n                                <a href=\"https:\/\/naturalsoft.es\/wp-content\/uploads\/2025\/03\/natursof.pdf\" target=\"_blank\">\r\n                                    <img loading=\"lazy\" decoding=\"async\" width=\"140\" height=\"171\" src=\"https:\/\/naturalsoft.es\/wp-content\/uploads\/2025\/02\/Rectangle.svg\" class=\"attachment-full size-full\" alt=\"\" \/>                                <\/a>\r\n                            <\/div>\r\n                        \r\n                            <div class=\"section-logo_NS\">\r\n                                <a href=\"https:\/\/naturalsoft.es\/wp-content\/uploads\/2025\/03\/natursof.pdf\" target=\"_blank\">\r\n                                    <img loading=\"lazy\" decoding=\"async\" width=\"173\" height=\"208\" src=\"https:\/\/naturalsoft.es\/wp-content\/uploads\/2025\/02\/certificado-aws-partner-qualified-software-2.svg\" class=\"attachment-full size-full\" alt=\"\" \/>                                <\/a>\r\n                            <\/div>\r\n                        \r\n                            <div class=\"section-logo_NS\">\r\n                                <a href=\"https:\/\/naturalsoft.es\/wp-content\/uploads\/2025\/03\/natursof.pdf\" target=\"_blank\">\r\n                                    <img loading=\"lazy\" decoding=\"async\" width=\"171\" height=\"261\" src=\"https:\/\/naturalsoft.es\/wp-content\/uploads\/2025\/02\/certificado-aws-qualified-software-2.svg\" class=\"attachment-full size-full\" alt=\"\" \/>                                <\/a>\r\n                            <\/div>\r\n                                <\/div>\r\n    <\/div>\r\n<\/div>\r\n            <\/section>\r\n            <!-- FIN Section Certificados Bloque -->","protected":false},"excerpt":{"rendered":"","protected":false},"author":1,"featured_media":0,"parent":0,"menu_order":0,"comment_status":"closed","ping_status":"closed","template":"page-notitle","meta":{"_acf_changed":false,"inline_featured_image":false,"footnotes":""},"class_list":["post-2837","page","type-page","status-publish","hentry"],"acf":[],"yoast_head":"<!-- This site is optimized with the Yoast SEO plugin v24.7 - https:\/\/yoast.com\/wordpress\/plugins\/seo\/ -->\n<title>Contact - Naturalsoft<\/title>\n<meta name=\"robots\" content=\"index, follow, max-snippet:-1, max-image-preview:large, max-video-preview:-1\" \/>\n<link rel=\"canonical\" href=\"https:\/\/naturalsoft.es\/fr\/contacto\/\" \/>\n<meta property=\"og:locale\" content=\"fr_FR\" \/>\n<meta property=\"og:type\" content=\"article\" \/>\n<meta property=\"og:title\" content=\"Contact - Naturalsoft\" \/>\n<meta property=\"og:url\" content=\"https:\/\/naturalsoft.es\/fr\/contacto\/\" \/>\n<meta property=\"og:site_name\" content=\"Naturalsoft\" \/>\n<meta property=\"article:modified_time\" content=\"2025-03-29T09:40:31+00:00\" \/>\n<meta name=\"twitter:card\" content=\"summary_large_image\" \/>\n<script type=\"application\/ld+json\" class=\"yoast-schema-graph\">{\"@context\":\"https:\/\/schema.org\",\"@graph\":[{\"@type\":\"WebPage\",\"@id\":\"https:\/\/naturalsoft.es\/fr\/contacto\/\",\"url\":\"https:\/\/naturalsoft.es\/fr\/contacto\/\",\"name\":\"Contact - Naturalsoft\",\"isPartOf\":{\"@id\":\"https:\/\/naturalsoft.es\/#website\"},\"datePublished\":\"2025-02-20T14:36:08+00:00\",\"dateModified\":\"2025-03-29T09:40:31+00:00\",\"breadcrumb\":{\"@id\":\"https:\/\/naturalsoft.es\/fr\/contacto\/#breadcrumb\"},\"inLanguage\":\"fr-FR\",\"potentialAction\":[{\"@type\":\"ReadAction\",\"target\":[\"https:\/\/naturalsoft.es\/fr\/contacto\/\"]}]},{\"@type\":\"BreadcrumbList\",\"@id\":\"https:\/\/naturalsoft.es\/fr\/contacto\/#breadcrumb\",\"itemListElement\":[{\"@type\":\"ListItem\",\"position\":1,\"name\":\"Home\",\"item\":\"https:\/\/naturalsoft.es\/fr\/\"},{\"@type\":\"ListItem\",\"position\":2,\"name\":\"Contact\"}]},{\"@type\":\"WebSite\",\"@id\":\"https:\/\/naturalsoft.es\/#website\",\"url\":\"https:\/\/naturalsoft.es\/\",\"name\":\"Naturalsoft\",\"description\":\"Especialistas en software m\u00e9dico y productos Tech Med\",\"potentialAction\":[{\"@type\":\"SearchAction\",\"target\":{\"@type\":\"EntryPoint\",\"urlTemplate\":\"https:\/\/naturalsoft.es\/?s={search_term_string}\"},\"query-input\":{\"@type\":\"PropertyValueSpecification\",\"valueRequired\":true,\"valueName\":\"search_term_string\"}}],\"inLanguage\":\"fr-FR\"}]}<\/script>\n<!-- \/ Yoast SEO plugin. -->","yoast_head_json":{"title":"Contact - Naturalsoft","robots":{"index":"index","follow":"follow","max-snippet":"max-snippet:-1","max-image-preview":"max-image-preview:large","max-video-preview":"max-video-preview:-1"},"canonical":"https:\/\/naturalsoft.es\/fr\/contacto\/","og_locale":"fr_FR","og_type":"article","og_title":"Contact - Naturalsoft","og_url":"https:\/\/naturalsoft.es\/fr\/contacto\/","og_site_name":"Naturalsoft","article_modified_time":"2025-03-29T09:40:31+00:00","twitter_card":"summary_large_image","schema":{"@context":"https:\/\/schema.org","@graph":[{"@type":"WebPage","@id":"https:\/\/naturalsoft.es\/fr\/contacto\/","url":"https:\/\/naturalsoft.es\/fr\/contacto\/","name":"Contact - Naturalsoft","isPartOf":{"@id":"https:\/\/naturalsoft.es\/#website"},"datePublished":"2025-02-20T14:36:08+00:00","dateModified":"2025-03-29T09:40:31+00:00","breadcrumb":{"@id":"https:\/\/naturalsoft.es\/fr\/contacto\/#breadcrumb"},"inLanguage":"fr-FR","potentialAction":[{"@type":"ReadAction","target":["https:\/\/naturalsoft.es\/fr\/contacto\/"]}]},{"@type":"BreadcrumbList","@id":"https:\/\/naturalsoft.es\/fr\/contacto\/#breadcrumb","itemListElement":[{"@type":"ListItem","position":1,"name":"Home","item":"https:\/\/naturalsoft.es\/fr\/"},{"@type":"ListItem","position":2,"name":"Contact"}]},{"@type":"WebSite","@id":"https:\/\/naturalsoft.es\/#website","url":"https:\/\/naturalsoft.es\/","name":"Naturalsoft","description":"Especialistas en software m\u00e9dico y productos Tech Med","potentialAction":[{"@type":"SearchAction","target":{"@type":"EntryPoint","urlTemplate":"https:\/\/naturalsoft.es\/?s={search_term_string}"},"query-input":{"@type":"PropertyValueSpecification","valueRequired":true,"valueName":"search_term_string"}}],"inLanguage":"fr-FR"}]}},"_links":{"self":[{"href":"https:\/\/naturalsoft.es\/fr\/wp-json\/wp\/v2\/pages\/2837","targetHints":{"allow":["GET"]}}],"collection":[{"href":"https:\/\/naturalsoft.es\/fr\/wp-json\/wp\/v2\/pages"}],"about":[{"href":"https:\/\/naturalsoft.es\/fr\/wp-json\/wp\/v2\/types\/page"}],"author":[{"embeddable":true,"href":"https:\/\/naturalsoft.es\/fr\/wp-json\/wp\/v2\/users\/1"}],"replies":[{"embeddable":true,"href":"https:\/\/naturalsoft.es\/fr\/wp-json\/wp\/v2\/comments?post=2837"}],"version-history":[{"count":4,"href":"https:\/\/naturalsoft.es\/fr\/wp-json\/wp\/v2\/pages\/2837\/revisions"}],"predecessor-version":[{"id":2987,"href":"https:\/\/naturalsoft.es\/fr\/wp-json\/wp\/v2\/pages\/2837\/revisions\/2987"}],"wp:attachment":[{"href":"https:\/\/naturalsoft.es\/fr\/wp-json\/wp\/v2\/media?parent=2837"}],"curies":[{"name":"wp","href":"https:\/\/api.w.org\/{rel}","templated":true}]}}