{"id":3024,"date":"2025-02-27T10:28:26","date_gmt":"2025-02-27T09:28:26","guid":{"rendered":"https:\/\/naturalsoft.es\/aviso-legal\/"},"modified":"2025-03-29T10:42:17","modified_gmt":"2025-03-29T09:42:17","slug":"aviso-legal","status":"publish","type":"page","link":"https:\/\/naturalsoft.es\/pt-pt\/aviso-legal\/","title":{"rendered":"Aviso Legal"},"content":{"rendered":"<ol class=\"wp-block-list\"><li><strong>Respons\u00e1vel Legal do Site<\/strong> <\/li><\/ol>\n\n\n<ul class=\"wp-block-list\"><li>Respons\u00e1vel Legal: NaturalSoft Solutions S.L<\/li>\n\n\n<li>Nif\/Cif: B19512672<\/li>\n\n\n<li>Endere\u00e7o: C\/ C\u00f3rdoba n 64, 18193 Monachil, Granada, Espanha<\/li>\n\n<li>Email de Contato: info@naturalsoft.es<\/li>\n\n\n<li>Tlf: (+34) 958 542 015<\/li>\n\n\n<li>Detalhes de Inscri\u00e7\u00e3o: Inscrita no Registro Comercial de Granada, Tomo 1480, Folio 78, Secc 8, Folha GR 42635, I\/A 1<\/li><\/ul>\n\n\n<ol start=\"2\" class=\"wp-block-list\"><li><strong>Condi\u00e7\u00f5es de Uso<\/strong> <\/li><\/ol>\n\n\n<p>As presentes condi\u00e7\u00f5es legais regulam o uso permitido deste site&nbsp; (doravante site) que a NaturalSoft Solutions S.L., doravante (NATURALSOFT.ES), coloca \u00e0 disposi\u00e7\u00e3o dos usu\u00e1rios da Internet. Se n\u00e3o concorda com estas condi\u00e7\u00f5es legais, deve abandonar este site.&nbsp;<\/p>\n\n<p>Para utilizar esta p\u00e1gina web o utilizador deve ser maior de 18 anos. <\/p>\n\n<p>O Usu\u00e1rio se obriga a usar a web, os servi\u00e7os e seus conte\u00fados de forma diligente, correta e l\u00edcita e, em particular, dever\u00e1 abster-se de: <\/p>\n\n<ul class=\"wp-block-list\"><li>Suprimir, eludir ou manipular o &#8220;copyright&#8221; e outros dados identificativos dos direitos dos seus titulares incorporados nos conte\u00fados, bem como os dispositivos t\u00e9cnicos de prote\u00e7\u00e3o, ou quaisquer mecanismos de informa\u00e7\u00e3o que possam conter os conte\u00fados.<\/li>\n\n<li>Introduzir programas, v\u00edrus, macros ou qualquer outro dispositivo l\u00f3gico ou sequ\u00eancia de caracteres que causem ou sejam suscet\u00edveis de causar qualquer tipo de altera\u00e7\u00e3o na p\u00e1gina web ou nos sistemas inform\u00e1ticos que a suportam.<\/li>\n\n<li>Usar ou instalar programas ou dispositivos capazes de invalidar os controles ou senhas de seguran\u00e7a, estabelecidos pela NATURALSOFT.ES, sendo igualmente proibido decifrar as chaves, sistemas ou algoritmos de criptografia ou qualquer outro elemento de seguran\u00e7a da p\u00e1gina web ou de qualquer um dos seus usu\u00e1rios.<\/li>\n\n<li>Realizar c\u00f3pia ou captura de ecr\u00e3s da p\u00e1gina web, sem autoriza\u00e7\u00e3o expressa da NATURALSOFT.ES.<\/li>\n\n<li>Efetuar c\u00f3pias ou vers\u00f5es da p\u00e1gina web ou do seu c\u00f3digo fonte, sem o consentimento expresso da NATURALSOFT.ES<\/li>\n\n<li>Realizar qualquer tipo de comportamento contr\u00e1rio \u00e0 Lei ou \u00e0 boa-f\u00e9.<\/li><\/ul>\n\n\n<ol start=\"3\" class=\"wp-block-list\"><li><strong>Exclus\u00e3o de Responsabilidade<\/strong><\/li><\/ol>\n\n\n<p><strong> <\/strong>NATURALSOFT.ES n\u00e3o se responsabiliza pelas perdas ou danos que possam causar ao usu\u00e1rio devido a v\u00edrus, indisponibilidade ou qualquer outro comportamento an\u00f4malo da p\u00e1gina web. NATURALSOFT.ES adotou todas as medidas de seguran\u00e7a ao seu alcance e de acordo com o estado atual da t\u00e9cnica, para garantir o correto funcionamento da web e evitar a gera\u00e7\u00e3o de qualquer tipo de dano ao usu\u00e1rio. . <\/p>\n\n<ol start=\"4\" class=\"wp-block-list\">\n<li><strong>Enlaces<\/strong><\/li>\n<\/ol>\n\n\n<p><strong> <\/strong>NATURALSOFT.ES declina qualquer responsabilidade pelos servi\u00e7os e\/ou informa\u00e7\u00f5es que sejam prestados em outras p\u00e1ginas ligadas a esta Web. NATURALSOFT.ES n\u00e3o controla nem exerce qualquer tipo de supervis\u00e3o sobre as p\u00e1ginas ligadas. Os usu\u00e1rios que utilizem esses links dever\u00e3o consultar as condi\u00e7\u00f5es legais expostas nas p\u00e1ginas de destino. <\/p>\n\n<p>NATURALSOFT.ES tamb\u00e9m n\u00e3o ser\u00e1 respons\u00e1vel pelos links inclu\u00eddos em sua p\u00e1gina web para p\u00e1ginas de terceiros alheias \u00e0 NATURALSOFT.ES. Os usu\u00e1rios que utilizem esses links dever\u00e3o consultar as condi\u00e7\u00f5es legais expostas nas p\u00e1ginas de destino.<\/p>\n\n<ol start=\"5\" class=\"wp-block-list\"><li><strong>Propriedade Intelectual<\/strong><\/li><\/ol>\n\n\n<p><strong> <\/strong>Os textos, imagens, log\u00f3tipos, sinais distintivos, sons, anima\u00e7\u00f5es, v\u00eddeos, c\u00f3digo fonte e o restante dos conte\u00fados inclu\u00eddos neste site s\u00e3o propriedade da NATURALSOFT.ES, ou disp\u00f5e, se for o caso, da autoriza\u00e7\u00e3o para o seu uso e\/ou explora\u00e7\u00e3o.<\/p>\n\n<p>Os utilizadores desta p\u00e1gina web poder\u00e3o realizar a reprodu\u00e7\u00e3o ou armazenamento dos conte\u00fados armazenados nesta p\u00e1gina para uso pessoal exclusivo ou para as finalidades autorizadas nas condi\u00e7\u00f5es legais desta web. Qualquer outra transmiss\u00e3o, distribui\u00e7\u00e3o, reprodu\u00e7\u00e3o ou armazenamento, total ou parcial, dos conte\u00fados armazenados nesta web, fica expressamente proibida, salvo consentimento pr\u00e9vio e expresso da NATURALSOFT.ES.<\/p>\n\n<ol start=\"6\" class=\"wp-block-list\">\n<li><strong>Legislaci\u00f3n y Jurisdicci\u00f3n<\/strong><\/li>\n<\/ol>\n\n\n<p><strong> <\/strong>Este site est\u00e1 sujeito \u00e0 legisla\u00e7\u00e3o espanhola e, em caso de lit\u00edgio ou controv\u00e9rsia decorrente do uso deste site, ambas as partes se submetem \u00e0 jurisdi\u00e7\u00e3o dos tribunais do domic\u00edlio da NATURALSOFT.ES. Esta cl\u00e1usula de submiss\u00e3o expressa n\u00e3o ser\u00e1 aplic\u00e1vel nos casos de lit\u00edgio com os usu\u00e1rios do site que, de acordo com a legisla\u00e7\u00e3o vigente, tenham a condi\u00e7\u00e3o de consumidores, caso em que ambas as partes estar\u00e3o sujeitas \u00e0 jurisdi\u00e7\u00e3o dos Ju\u00edzos e Tribunais de resid\u00eancia do consumidor.<\/p>\n\n<ol start=\"7\" class=\"wp-block-list\">\n<li><strong>Versi\u00f3n<\/strong><\/li>\n<\/ol>\n\n\n<p><strong> <\/strong>Este Aviso Legal \u00e9 datado de 18\/02\/2025 e qualquer modifica\u00e7\u00e3o dos seus termos ser\u00e1 publicada na p\u00e1gina web.<\/p>","protected":false},"excerpt":{"rendered":"<p>As presentes condi\u00e7\u00f5es legais regulam o uso permitido deste site&nbsp; (doravante site) que a NaturalSoft Solutions S.L., doravante (NATURALSOFT.ES), coloca \u00e0 disposi\u00e7\u00e3o dos usu\u00e1rios da Internet. Se n\u00e3o concorda com estas condi\u00e7\u00f5es legais, deve abandonar este site.&nbsp; Para utilizar esta p\u00e1gina web o utilizador deve ser maior de 18 anos. O Usu\u00e1rio se obriga a [&hellip;]<\/p>\n","protected":false},"author":1,"featured_media":0,"parent":0,"menu_order":0,"comment_status":"closed","ping_status":"closed","template":"page-textos-legales","meta":{"_acf_changed":false,"inline_featured_image":false,"footnotes":""},"class_list":["post-3024","page","type-page","status-publish","hentry"],"acf":[],"yoast_head":"<!-- This site is optimized with the Yoast SEO plugin v24.7 - https:\/\/yoast.com\/wordpress\/plugins\/seo\/ -->\n<title>Aviso Legal - Naturalsoft<\/title>\n<meta name=\"robots\" content=\"index, follow, max-snippet:-1, max-image-preview:large, max-video-preview:-1\" \/>\n<link rel=\"canonical\" href=\"https:\/\/naturalsoft.es\/pt-pt\/aviso-legal\/\" \/>\n<meta property=\"og:locale\" content=\"pt_PT\" \/>\n<meta property=\"og:type\" content=\"article\" \/>\n<meta property=\"og:title\" content=\"Aviso Legal - Naturalsoft\" \/>\n<meta property=\"og:description\" content=\"As presentes condi\u00e7\u00f5es legais regulam o uso permitido deste site&nbsp; (doravante site) que a NaturalSoft Solutions S.L., doravante (NATURALSOFT.ES), coloca \u00e0 disposi\u00e7\u00e3o dos usu\u00e1rios da Internet. Se n\u00e3o concorda com estas condi\u00e7\u00f5es legais, deve abandonar este site.&nbsp; Para utilizar esta p\u00e1gina web o utilizador deve ser maior de 18 anos. O Usu\u00e1rio se obriga a [&hellip;]\" \/>\n<meta property=\"og:url\" content=\"https:\/\/naturalsoft.es\/pt-pt\/aviso-legal\/\" \/>\n<meta property=\"og:site_name\" content=\"Naturalsoft\" \/>\n<meta property=\"article:modified_time\" content=\"2025-03-29T09:42:17+00:00\" \/>\n<meta name=\"twitter:card\" content=\"summary_large_image\" \/>\n<meta name=\"twitter:label1\" content=\"Tempo estimado de leitura\" \/>\n\t<meta name=\"twitter:data1\" content=\"4 minutos\" \/>\n<script type=\"application\/ld+json\" class=\"yoast-schema-graph\">{\"@context\":\"https:\/\/schema.org\",\"@graph\":[{\"@type\":\"WebPage\",\"@id\":\"https:\/\/naturalsoft.es\/pt-pt\/aviso-legal\/\",\"url\":\"https:\/\/naturalsoft.es\/pt-pt\/aviso-legal\/\",\"name\":\"Aviso Legal - Naturalsoft\",\"isPartOf\":{\"@id\":\"https:\/\/naturalsoft.es\/#website\"},\"datePublished\":\"2025-02-27T09:28:26+00:00\",\"dateModified\":\"2025-03-29T09:42:17+00:00\",\"breadcrumb\":{\"@id\":\"https:\/\/naturalsoft.es\/pt-pt\/aviso-legal\/#breadcrumb\"},\"inLanguage\":\"pt-PT\",\"potentialAction\":[{\"@type\":\"ReadAction\",\"target\":[\"https:\/\/naturalsoft.es\/pt-pt\/aviso-legal\/\"]}]},{\"@type\":\"BreadcrumbList\",\"@id\":\"https:\/\/naturalsoft.es\/pt-pt\/aviso-legal\/#breadcrumb\",\"itemListElement\":[{\"@type\":\"ListItem\",\"position\":1,\"name\":\"Home\",\"item\":\"https:\/\/naturalsoft.es\/pt-pt\/\"},{\"@type\":\"ListItem\",\"position\":2,\"name\":\"Aviso Legal\"}]},{\"@type\":\"WebSite\",\"@id\":\"https:\/\/naturalsoft.es\/#website\",\"url\":\"https:\/\/naturalsoft.es\/\",\"name\":\"Naturalsoft\",\"description\":\"Especialistas en software m\u00e9dico y productos Tech Med\",\"potentialAction\":[{\"@type\":\"SearchAction\",\"target\":{\"@type\":\"EntryPoint\",\"urlTemplate\":\"https:\/\/naturalsoft.es\/?s={search_term_string}\"},\"query-input\":{\"@type\":\"PropertyValueSpecification\",\"valueRequired\":true,\"valueName\":\"search_term_string\"}}],\"inLanguage\":\"pt-PT\"}]}<\/script>\n<!-- \/ Yoast SEO plugin. -->","yoast_head_json":{"title":"Aviso Legal - Naturalsoft","robots":{"index":"index","follow":"follow","max-snippet":"max-snippet:-1","max-image-preview":"max-image-preview:large","max-video-preview":"max-video-preview:-1"},"canonical":"https:\/\/naturalsoft.es\/pt-pt\/aviso-legal\/","og_locale":"pt_PT","og_type":"article","og_title":"Aviso Legal - Naturalsoft","og_description":"As presentes condi\u00e7\u00f5es legais regulam o uso permitido deste site&nbsp; (doravante site) que a NaturalSoft Solutions S.L., doravante (NATURALSOFT.ES), coloca \u00e0 disposi\u00e7\u00e3o dos usu\u00e1rios da Internet. Se n\u00e3o concorda com estas condi\u00e7\u00f5es legais, deve abandonar este site.&nbsp; Para utilizar esta p\u00e1gina web o utilizador deve ser maior de 18 anos. O Usu\u00e1rio se obriga a [&hellip;]","og_url":"https:\/\/naturalsoft.es\/pt-pt\/aviso-legal\/","og_site_name":"Naturalsoft","article_modified_time":"2025-03-29T09:42:17+00:00","twitter_card":"summary_large_image","twitter_misc":{"Tempo estimado de leitura":"4 minutos"},"schema":{"@context":"https:\/\/schema.org","@graph":[{"@type":"WebPage","@id":"https:\/\/naturalsoft.es\/pt-pt\/aviso-legal\/","url":"https:\/\/naturalsoft.es\/pt-pt\/aviso-legal\/","name":"Aviso Legal - Naturalsoft","isPartOf":{"@id":"https:\/\/naturalsoft.es\/#website"},"datePublished":"2025-02-27T09:28:26+00:00","dateModified":"2025-03-29T09:42:17+00:00","breadcrumb":{"@id":"https:\/\/naturalsoft.es\/pt-pt\/aviso-legal\/#breadcrumb"},"inLanguage":"pt-PT","potentialAction":[{"@type":"ReadAction","target":["https:\/\/naturalsoft.es\/pt-pt\/aviso-legal\/"]}]},{"@type":"BreadcrumbList","@id":"https:\/\/naturalsoft.es\/pt-pt\/aviso-legal\/#breadcrumb","itemListElement":[{"@type":"ListItem","position":1,"name":"Home","item":"https:\/\/naturalsoft.es\/pt-pt\/"},{"@type":"ListItem","position":2,"name":"Aviso Legal"}]},{"@type":"WebSite","@id":"https:\/\/naturalsoft.es\/#website","url":"https:\/\/naturalsoft.es\/","name":"Naturalsoft","description":"Especialistas en software m\u00e9dico y productos Tech Med","potentialAction":[{"@type":"SearchAction","target":{"@type":"EntryPoint","urlTemplate":"https:\/\/naturalsoft.es\/?s={search_term_string}"},"query-input":{"@type":"PropertyValueSpecification","valueRequired":true,"valueName":"search_term_string"}}],"inLanguage":"pt-PT"}]}},"_links":{"self":[{"href":"https:\/\/naturalsoft.es\/pt-pt\/wp-json\/wp\/v2\/pages\/3024","targetHints":{"allow":["GET"]}}],"collection":[{"href":"https:\/\/naturalsoft.es\/pt-pt\/wp-json\/wp\/v2\/pages"}],"about":[{"href":"https:\/\/naturalsoft.es\/pt-pt\/wp-json\/wp\/v2\/types\/page"}],"author":[{"embeddable":true,"href":"https:\/\/naturalsoft.es\/pt-pt\/wp-json\/wp\/v2\/users\/1"}],"replies":[{"embeddable":true,"href":"https:\/\/naturalsoft.es\/pt-pt\/wp-json\/wp\/v2\/comments?post=3024"}],"version-history":[{"count":2,"href":"https:\/\/naturalsoft.es\/pt-pt\/wp-json\/wp\/v2\/pages\/3024\/revisions"}],"predecessor-version":[{"id":3042,"href":"https:\/\/naturalsoft.es\/pt-pt\/wp-json\/wp\/v2\/pages\/3024\/revisions\/3042"}],"wp:attachment":[{"href":"https:\/\/naturalsoft.es\/pt-pt\/wp-json\/wp\/v2\/media?parent=3024"}],"curies":[{"name":"wp","href":"https:\/\/api.w.org\/{rel}","templated":true}]}}