{"id":3045,"date":"2025-02-16T17:14:37","date_gmt":"2025-02-16T16:14:37","guid":{"rendered":"https:\/\/naturalsoft.es\/politica-de-privacidad\/"},"modified":"2026-03-26T17:18:39","modified_gmt":"2026-03-26T16:18:39","slug":"politica-de-privacidad","status":"publish","type":"page","link":"https:\/\/naturalsoft.es\/pt-pt\/politica-de-privacidad\/","title":{"rendered":"Pol\u00edtica de Privacidade"},"content":{"rendered":"<ol style=\"list-style-type:upper-alpha\" class=\"wp-block-list\"><li><strong>Responsable del Tratamiento<\/strong><\/li><\/ol>\n<p><strong>Responsable del Tratamiento: <\/strong>NaturalSoft Solutions S.L. \u00a0en adelante NATURALSOFT.ES<\/p><p><strong>Direcci\u00f3n Postal:<\/strong> C\/ C\u00f3rdoba n 64, 18193 Monachil, Granada, Espa\u00f1a<\/p>\n<p><strong>Tel\u00e9fono:<\/strong> (+34) 958 542 015<\/p>\n<p><strong>Email: <\/strong>info@naturalsoft.es<\/p><p><strong>Datos de Contacto del DPD:<\/strong> Puede contactar con nuestro Delegado de Protecci\u00f3n de Datos (Techlegal Servicios Jur\u00eddicos y Tecnol\u00f3gicos SL \u2013 <a href=\"https:\/\/www.techlegal.es\">https:\/\/www.techlegal.es<\/a>) \u00a0a trav\u00e9s de la direcci\u00f3n de email <a href=\"mailto:naturalsoft@delegadoprotecciondedatos.es\">naturalsoft@delegadoprotecciondedatos.es<\/a> o info@techlegal.es<strong><\/strong><\/p><ul class=\"wp-block-list\">\n<li><strong>Tratamientos<\/strong><\/li>\n<\/ul>\n<p>NATURALSOFT.ES \u00fanicamente trata los datos de car\u00e1cter personal que a continuaci\u00f3n se indican:<\/p><ol class=\"wp-block-list\"><li><strong>Datos Recogidos a trav\u00e9s de la p\u00e1gina web<\/strong><\/li><\/ol>\n<p><strong>Finalidad:<\/strong> Contestar las solicitudes de informaci\u00f3n y contacto remitidas a trav\u00e9s de los correos electr\u00f3nicos y formularios de contacto de la p\u00e1gina web.<\/p><p><strong>Conservaci\u00f3n: <\/strong>Los datos personales del interesado se conservar\u00e1n hasta que no se solicite la supresi\u00f3n por el interesado.<\/p><p><strong>Legitimaci\u00f3n:<\/strong> Consentimiento del Interesado<\/p><p><strong>Destinatarios: <\/strong>No est\u00e1 prevista la comunicaci\u00f3n de datos personales salvo en los supuestos establecidos por una obligaci\u00f3n legal.<\/p><p><strong>Formas de Obtenci\u00f3n: <\/strong>Los datos personales que tratamos han sido obtenidos del propio interesado<\/p><p>Las categor\u00edas de datos que se tratan son las siguientes:<\/p><ul class=\"wp-block-list\"><li>Datos identificativos<\/li>\n\n<li>Datos de contacto<\/li>\n\n<li>No se tratan datos especialmente protegidos  <\/li><\/ul>\n<ul class=\"wp-block-list\">\n<li><strong>Clientes<\/strong><\/li>\n<\/ul>\n<p><strong>Finalidad:<\/strong>\u00a0 Gesti\u00f3n de clientes y cumplimiento de obligaciones derivadas de las contrataciones realizadas<\/p><p><strong>Conservaci\u00f3n: <\/strong>Se conservar\u00e1n durante el tiempo necesario para cumplir con la finalidad para la que se recabaron y para determinar las posibles responsabilidades que se pudieran derivar de dicha finalidad y del tratamiento de los datos. El periodo de conservaci\u00f3n estimado seg\u00fan la legislaci\u00f3n vigente es de 5 a\u00f1os<\/p><p><strong>Legitimaci\u00f3n:<\/strong> Ejecuci\u00f3n del contrato solicitado por el cliente. (Art. 6.1.b Rgpd)<\/p><p><strong>Destinatarios: <\/strong>Los datos obtenidos ser\u00e1n comunicados a las entidades bancarias o responsables del medio de pago elegido por el cliente. Igualmente est\u00e1 prevista la comunicaci\u00f3n de sus datos personales en aquellos supuestos en los que as\u00ed lo establezca la legislaci\u00f3n vigente.<\/p><p><strong>Formas de Obtenci\u00f3n: <\/strong>Los datos personales que tratamos han sido obtenidos del propio interesado<\/p><p><strong>Las categor\u00edas de datos que se tratan son las siguientes:<\/strong><\/p><ul class=\"wp-block-list\"><li>Datos identificativos<\/li>\n\n<li>Datos de contacto y env\u00edo<\/li>\n\n<li>Datos de cobro<\/li>\n\n<li>No se tratan datos especialmente protegidos <\/li><\/ul>\n<ul class=\"wp-block-list\"><li><strong>Selecci\u00f3n de Personal<\/strong><\/li><\/ul>\n<p><strong>Finalidad:<\/strong>\u00a0 Participar en los procesos de selecci\u00f3n de personal de nuestra empresa<\/p><p><strong>Conservaci\u00f3n: <\/strong>Los datos personales del candidato se conservar\u00e1n hasta que no se solicite la supresi\u00f3n por el interesado y en todo caso por un periodo m\u00e1ximo de dos a\u00f1os.<\/p><p><strong>Legitimaci\u00f3n:<\/strong> Aplicaci\u00f3n a solicitud del candidato, de medidas precontractuales o la intenci\u00f3n de concluir el contrato de trabajo (Art. 6.1.b Rgpd)<\/p><p><strong>Destinatarios: <\/strong>No est\u00e1 prevista la comunicaci\u00f3n de datos personales del candidato<\/p><p><strong>Formas de Obtenci\u00f3n: <\/strong>Los datos personales que tratamos son obtenidos del propio interesado a trav\u00e9s de los curriculums, formularios o entrevistas de selecci\u00f3n que realiza con nosotros.<\/p><p><strong>Las categor\u00edas de datos que se tratan son las siguientes:<\/strong><\/p><ul class=\"wp-block-list\"><li>Datos identificativos<\/li>\n\n<li>Caracter\u00edsticas personales<\/li>\n\n<li>Datos acad\u00e9micos<\/li>\n\n<li>Datos relativos al historial laboral<\/li>\n\n<li>No se tratan datos especialmente protegidos.   <\/li><\/ul>\n<ul class=\"wp-block-list\"><li><strong>Actividades de Marketing y env\u00edo de informaci\u00f3n comercial por v\u00eda electr\u00f3nica<\/strong><\/li><\/ul>\n<p><strong>Finalidad:<\/strong> Enviarle por v\u00eda postal y electr\u00f3nica informaci\u00f3n de su inter\u00e9s sobre nuestros productos y servicios, actividades, ofertas y promociones.<\/p><p><strong>Conservaci\u00f3n: <\/strong>Los datos personales del interesado se conservar\u00e1n hasta que no se solicite la supresi\u00f3n por el interesado.<\/p><p><strong>Legitimaci\u00f3n:<\/strong> Consentimiento del Interesado e inter\u00e9s leg\u00edtimo respecto a los clientes que han contratado nuestros \u00a0productos o servicios<\/p><p><strong>Destinatarios: <\/strong>No est\u00e1 prevista la comunicaci\u00f3n de datos personales salvo en los supuestos establecidos por una obligaci\u00f3n legal.<\/p><p><strong>Formas de Obtenci\u00f3n: <\/strong>Los datos personales que tratamos han sido obtenidos del propio interesado<\/p><p>Las categor\u00edas de datos que se tratan son las siguientes:<\/p><ul class=\"wp-block-list\"><li>Datos identificativos<\/li>\n\n<li>Datos de contacto<\/li>\n\n<li>No se tratan datos especialmente protegidos<\/li><\/ul>\n<ul class=\"wp-block-list\"><li><strong>Redes Sociales<\/strong><\/li><\/ul>\n<p><strong>Finalidad:<\/strong> Como quiera que NATURALSOFT.ES dispone de cuentas o perfiles en distintas redes sociales, le informamos que los datos obtenidos a trav\u00e9s de esta actividad ser\u00e1n con la finalidad de interactuar y mantener el contacto e informaci\u00f3n con los seguidores, as\u00ed como la prospecci\u00f3n de clientes<\/p><p><strong>Conservaci\u00f3n: <\/strong>Los datos personales obtenidos de seguidores se mantendr\u00e1n hasta la solicitud de cancelaci\u00f3n por el usuario<\/p><p><strong>Legitimaci\u00f3n:<\/strong> La legitimaci\u00f3n del tratamiento se basa en el inter\u00e9s leg\u00edtimo del responsable del tratamiento<\/p><p><strong>Destinatarios: <\/strong>No se ceder\u00e1n datos a terceros salvo obligaci\u00f3n legal<\/p><p><strong>Formas de Obtenci\u00f3n: <\/strong>Los datos personales que tratamos han sido obtenidos del propio interesado<\/p><p>Las categor\u00edas de datos que se tratan son las siguientes:<\/p><li>Datos identificativos<\/li>\n\n<li>Datos de contacto<\/li>\n\n<li>No se tratan datos especialmente protegidos<\/li><\/ul>\n<ul class=\"wp-block-list\">\n<li><strong>Proveedores<\/strong><\/li>\n<\/ul>\n<p><strong>Finalidad:<\/strong> Gesti\u00f3n de proveedores<\/p><p><strong>Conservaci\u00f3n: <\/strong>Se conservar\u00e1n durante el tiempo necesario para cumplir con la finalidad para la que se recabaron y para determinar las posibles responsabilidades que se pudieran derivar de dicha finalidad y del tratamiento de los datos<\/p><p><strong>Legitimaci\u00f3n:<\/strong> Ejecuci\u00f3n del contrato con el proveedor. (Art. 6.1.b Rgpd)<\/p><p><strong>Destinatarios: <\/strong>Est\u00e1 prevista la comunicaci\u00f3n de sus datos personales en aquellos supuestos en los que as\u00ed lo establezca la legislaci\u00f3n vigente.<\/p><p><strong>Formas de Obtenci\u00f3n: <\/strong>Los datos personales que tratamos han sido obtenidos del propio interesado<\/p><p>Las categor\u00edas de datos que se tratan son las siguientes:<\/p><li>Datos identificativos<\/li>\n\n<li>Datos de contacto<\/li>\n\n<li>Bienes y servicios suministrados por el proveedor<\/li>\n\n<li>No se tratan datos especialmente protegidos<\/li><\/ul>\n<p><strong>C. Encargado del Tratamiento<\/strong><\/p><p>En virtud de la naturaleza de los servicios prestados a nuestros clientes de software, NATURALSOFT.ES se constituye en Encargado del Tratamiento, respecto a los datos del cliente tratados en el desempe\u00f1o de los servicios prestados en el uso del software propiedad de NATURALSOFT.ES<\/p><p>Esta relaci\u00f3n se regula mediante el contrato de encargado de tratamiento que podr\u00e1 encontrar en la URL https:\/\/naturalsoft.es\/dpa<\/p><p>As\u00ed mismo, NATURALSOFT.ES le informa que en la url mencionada anteriormente, podr\u00e1 encontrar el acceso al listado completo de SubEncargados del Tratamiento empleados por NATURALSOFT.ES para la prestaci\u00f3n de sus servicios.<\/p><li><strong>Derechos del Interesado<\/strong><\/li><\/ul>\n<li>Tiene derecho a obtener confirmaci\u00f3n sobre si estamos tratando datos personales que le conciernan<\/li>\n\n<li>Las personas interesadas tienen derecho a acceder a sus datos personales, as\u00ed como a solicitar la rectificaci\u00f3n de los datos inexactos o en su caso, solicitar su supresi\u00f3n cuando entre otros motivos, los datos ya no sean necesarios para los fines que fueron recogidos.<\/li>\n\n\n<li>\u00a0En determinadas circunstancias, los interesados podr\u00e1n solicitar la limitaci\u00f3n del tratamiento de sus datos, en cuyo caso \u00fanicamente los conservaremos para el ejercicio o defensa de reclamaciones.<\/li>\n\n\n<li>En determinadas circunstancias y por motivos relacionados con su situaci\u00f3n particular, los interesados podr\u00e1n oponerse al tratamiento de sus datos. En estos supuestos no se tratar\u00e1n sus datos salvo por motivos leg\u00edtimos o el ejercicio o defensa de posibles reclamaciones.<\/li>\n\n<li>En determinadas circunstancias, tendr\u00e1 derecho a recibir los datos personales que le incumban en un formato estructurado de uso com\u00fan y lectura mec\u00e1nica<\/li><\/ul>\n<p>Puede ejercer sus derechos a trav\u00e9s de la direcci\u00f3n de email info@naturalsoft.es o personalmente en nuestras instalaciones, as\u00ed como obtener m\u00e1s informaci\u00f3n sobre sus derechos y acceder a modelos para su ejercicio en la siguiente direcci\u00f3n web:<\/p><figure class=\"wp-block-embed\"><div class=\"wp-block-embed__wrapper\">\nhttps:\/\/www.aepd.es\n<\/div><\/figure><p>As\u00ed mismo, le informamos de su derecho a presentar una reclamaci\u00f3n ante la Agencia Espa\u00f1ola de Protecci\u00f3n de Datos si la petici\u00f3n de ejercicio de alg\u00fan derecho no ha sido satisfecha correctamente o si por cualquier otro motivo considera que sus datos personales no est\u00e1n siendo tratados correctamente. Para ello, podr\u00e1 dirigirse a la siguiente direcci\u00f3n web<\/p><figure class=\"wp-block-embed\"><div class=\"wp-block-embed__wrapper\">\nhttps:\/\/sedeagpd.gob.es\/sede-electronica-web\n<\/div><\/figure><ul class=\"wp-block-list\">\n<li><strong>Versi\u00f3n<\/strong><\/li>\n<\/ul>\n<p>Esta pol\u00edtica de privacidad es de fecha 18\/02\/2025 y cualquier modificaci\u00f3n de sus t\u00e9rminos ser\u00e1 publicada en esta p\u00e1gina web.<\/p>","protected":false},"excerpt":{"rendered":"<p>Responsable del Tratamiento: NaturalSoft Solutions S.L. \u00a0en adelante NATURALSOFT.ES Direcci\u00f3n Postal: C\/ C\u00f3rdoba n 64, 18193 Monachil, Granada, Espa\u00f1a Tel\u00e9fono: (+34) 958 542 015 Email: info@naturalsoft.es Datos de Contacto del DPD: Puede contactar con nuestro Delegado de Protecci\u00f3n de Datos (Techlegal Servicios Jur\u00eddicos y Tecnol\u00f3gicos SL \u2013 https:\/\/www.techlegal.es) \u00a0a trav\u00e9s de la direcci\u00f3n de email [&hellip;]<\/p>\n","protected":false},"author":1,"featured_media":0,"parent":0,"menu_order":0,"comment_status":"closed","ping_status":"closed","template":"page-textos-legales","meta":{"_acf_changed":false,"inline_featured_image":false,"footnotes":""},"class_list":["post-3045","page","type-page","status-publish","hentry"],"acf":[],"yoast_head":"<!-- This site is optimized with the Yoast SEO plugin v24.7 - https:\/\/yoast.com\/wordpress\/plugins\/seo\/ -->\n<title>Pol\u00edtica de Privacidade - Naturalsoft<\/title>\n<meta name=\"robots\" content=\"index, follow, max-snippet:-1, max-image-preview:large, max-video-preview:-1\" \/>\n<link rel=\"canonical\" href=\"https:\/\/naturalsoft.es\/pt-pt\/politica-de-privacidad\/\" \/>\n<meta property=\"og:locale\" content=\"pt_PT\" \/>\n<meta property=\"og:type\" content=\"article\" \/>\n<meta property=\"og:title\" content=\"Pol\u00edtica de Privacidade - Naturalsoft\" \/>\n<meta property=\"og:description\" content=\"Responsable del Tratamiento: NaturalSoft Solutions S.L. \u00a0en adelante NATURALSOFT.ES Direcci\u00f3n Postal: C\/ C\u00f3rdoba n 64, 18193 Monachil, Granada, Espa\u00f1a Tel\u00e9fono: (+34) 958 542 015 Email: info@naturalsoft.es Datos de Contacto del DPD: Puede contactar con nuestro Delegado de Protecci\u00f3n de Datos (Techlegal Servicios Jur\u00eddicos y Tecnol\u00f3gicos SL \u2013 https:\/\/www.techlegal.es) \u00a0a trav\u00e9s de la direcci\u00f3n de email [&hellip;]\" \/>\n<meta property=\"og:url\" content=\"https:\/\/naturalsoft.es\/pt-pt\/politica-de-privacidad\/\" \/>\n<meta property=\"og:site_name\" content=\"Naturalsoft\" \/>\n<meta property=\"article:modified_time\" content=\"2026-03-26T16:18:39+00:00\" \/>\n<meta name=\"twitter:card\" content=\"summary_large_image\" \/>\n<meta name=\"twitter:label1\" content=\"Tempo estimado de leitura\" \/>\n\t<meta name=\"twitter:data1\" content=\"7 minutos\" \/>\n<script type=\"application\/ld+json\" class=\"yoast-schema-graph\">{\"@context\":\"https:\/\/schema.org\",\"@graph\":[{\"@type\":\"WebPage\",\"@id\":\"https:\/\/naturalsoft.es\/pt-pt\/politica-de-privacidad\/\",\"url\":\"https:\/\/naturalsoft.es\/pt-pt\/politica-de-privacidad\/\",\"name\":\"Pol\u00edtica de Privacidade - Naturalsoft\",\"isPartOf\":{\"@id\":\"https:\/\/naturalsoft.es\/#website\"},\"datePublished\":\"2025-02-16T16:14:37+00:00\",\"dateModified\":\"2026-03-26T16:18:39+00:00\",\"breadcrumb\":{\"@id\":\"https:\/\/naturalsoft.es\/pt-pt\/politica-de-privacidad\/#breadcrumb\"},\"inLanguage\":\"pt-PT\",\"potentialAction\":[{\"@type\":\"ReadAction\",\"target\":[\"https:\/\/naturalsoft.es\/pt-pt\/politica-de-privacidad\/\"]}]},{\"@type\":\"BreadcrumbList\",\"@id\":\"https:\/\/naturalsoft.es\/pt-pt\/politica-de-privacidad\/#breadcrumb\",\"itemListElement\":[{\"@type\":\"ListItem\",\"position\":1,\"name\":\"Home\",\"item\":\"https:\/\/naturalsoft.es\/pt-pt\/\"},{\"@type\":\"ListItem\",\"position\":2,\"name\":\"Pol\u00edtica de Privacidade\"}]},{\"@type\":\"WebSite\",\"@id\":\"https:\/\/naturalsoft.es\/#website\",\"url\":\"https:\/\/naturalsoft.es\/\",\"name\":\"Naturalsoft\",\"description\":\"Especialistas en software m\u00e9dico y productos Tech Med\",\"potentialAction\":[{\"@type\":\"SearchAction\",\"target\":{\"@type\":\"EntryPoint\",\"urlTemplate\":\"https:\/\/naturalsoft.es\/?s={search_term_string}\"},\"query-input\":{\"@type\":\"PropertyValueSpecification\",\"valueRequired\":true,\"valueName\":\"search_term_string\"}}],\"inLanguage\":\"pt-PT\"}]}<\/script>\n<!-- \/ Yoast SEO plugin. -->","yoast_head_json":{"title":"Pol\u00edtica de Privacidade - Naturalsoft","robots":{"index":"index","follow":"follow","max-snippet":"max-snippet:-1","max-image-preview":"max-image-preview:large","max-video-preview":"max-video-preview:-1"},"canonical":"https:\/\/naturalsoft.es\/pt-pt\/politica-de-privacidad\/","og_locale":"pt_PT","og_type":"article","og_title":"Pol\u00edtica de Privacidade - Naturalsoft","og_description":"Responsable del Tratamiento: NaturalSoft Solutions S.L. \u00a0en adelante NATURALSOFT.ES Direcci\u00f3n Postal: C\/ C\u00f3rdoba n 64, 18193 Monachil, Granada, Espa\u00f1a Tel\u00e9fono: (+34) 958 542 015 Email: info@naturalsoft.es Datos de Contacto del DPD: Puede contactar con nuestro Delegado de Protecci\u00f3n de Datos (Techlegal Servicios Jur\u00eddicos y Tecnol\u00f3gicos SL \u2013 https:\/\/www.techlegal.es) \u00a0a trav\u00e9s de la direcci\u00f3n de email [&hellip;]","og_url":"https:\/\/naturalsoft.es\/pt-pt\/politica-de-privacidad\/","og_site_name":"Naturalsoft","article_modified_time":"2026-03-26T16:18:39+00:00","twitter_card":"summary_large_image","twitter_misc":{"Tempo estimado de leitura":"7 minutos"},"schema":{"@context":"https:\/\/schema.org","@graph":[{"@type":"WebPage","@id":"https:\/\/naturalsoft.es\/pt-pt\/politica-de-privacidad\/","url":"https:\/\/naturalsoft.es\/pt-pt\/politica-de-privacidad\/","name":"Pol\u00edtica de Privacidade - Naturalsoft","isPartOf":{"@id":"https:\/\/naturalsoft.es\/#website"},"datePublished":"2025-02-16T16:14:37+00:00","dateModified":"2026-03-26T16:18:39+00:00","breadcrumb":{"@id":"https:\/\/naturalsoft.es\/pt-pt\/politica-de-privacidad\/#breadcrumb"},"inLanguage":"pt-PT","potentialAction":[{"@type":"ReadAction","target":["https:\/\/naturalsoft.es\/pt-pt\/politica-de-privacidad\/"]}]},{"@type":"BreadcrumbList","@id":"https:\/\/naturalsoft.es\/pt-pt\/politica-de-privacidad\/#breadcrumb","itemListElement":[{"@type":"ListItem","position":1,"name":"Home","item":"https:\/\/naturalsoft.es\/pt-pt\/"},{"@type":"ListItem","position":2,"name":"Pol\u00edtica de Privacidade"}]},{"@type":"WebSite","@id":"https:\/\/naturalsoft.es\/#website","url":"https:\/\/naturalsoft.es\/","name":"Naturalsoft","description":"Especialistas en software m\u00e9dico y productos Tech Med","potentialAction":[{"@type":"SearchAction","target":{"@type":"EntryPoint","urlTemplate":"https:\/\/naturalsoft.es\/?s={search_term_string}"},"query-input":{"@type":"PropertyValueSpecification","valueRequired":true,"valueName":"search_term_string"}}],"inLanguage":"pt-PT"}]}},"_links":{"self":[{"href":"https:\/\/naturalsoft.es\/pt-pt\/wp-json\/wp\/v2\/pages\/3045","targetHints":{"allow":["GET"]}}],"collection":[{"href":"https:\/\/naturalsoft.es\/pt-pt\/wp-json\/wp\/v2\/pages"}],"about":[{"href":"https:\/\/naturalsoft.es\/pt-pt\/wp-json\/wp\/v2\/types\/page"}],"author":[{"embeddable":true,"href":"https:\/\/naturalsoft.es\/pt-pt\/wp-json\/wp\/v2\/users\/1"}],"replies":[{"embeddable":true,"href":"https:\/\/naturalsoft.es\/pt-pt\/wp-json\/wp\/v2\/comments?post=3045"}],"version-history":[{"count":3,"href":"https:\/\/naturalsoft.es\/pt-pt\/wp-json\/wp\/v2\/pages\/3045\/revisions"}],"predecessor-version":[{"id":9189,"href":"https:\/\/naturalsoft.es\/pt-pt\/wp-json\/wp\/v2\/pages\/3045\/revisions\/9189"}],"wp:attachment":[{"href":"https:\/\/naturalsoft.es\/pt-pt\/wp-json\/wp\/v2\/media?parent=3045"}],"curies":[{"name":"wp","href":"https:\/\/api.w.org\/{rel}","templated":true}]}}